{"id":439,"date":"2025-10-02T11:36:25","date_gmt":"2025-10-02T11:36:25","guid":{"rendered":"https:\/\/amasuncionelche.com\/?page_id=439"},"modified":"2025-10-02T11:47:31","modified_gmt":"2025-10-02T11:47:31","slug":"agenda-de-eventos","status":"publish","type":"page","link":"https:\/\/amasuncionelche.com\/?page_id=439","title":{"rendered":"Agenda de Eventos"},"content":{"rendered":"\n<h2 class=\"wp-block-heading\">\ud83c\udfba Agenda de Eventos<\/h2>\n\n\n\n<p>Consult\u00e1 aqu\u00ed el calendario de actividades, procesiones, conciertos y dem\u00e1s compromisos de nuestra agrupaci\u00f3n.<\/p>\n\n\n\n<p>Cada evento incluye su fecha, hora, ubicaci\u00f3n y todos los detalles importantes. \u00a1Te esperamos!<\/p>\n\n\n<div class=\"ecs-no-events\">No hay eventos programados.<\/div>","protected":false},"excerpt":{"rendered":"<p>\ud83c\udfba Agenda de Eventos Consult\u00e1 aqu\u00ed el calendario de actividades, procesiones, conciertos y dem\u00e1s compromisos de nuestra agrupaci\u00f3n. Cada evento incluye su fecha, hora, ubicaci\u00f3n y todos los detalles importantes. \u00a1Te esperamos!<\/p>\n","protected":false},"author":1,"featured_media":0,"parent":0,"menu_order":0,"comment_status":"closed","ping_status":"closed","template":"","meta":{"footnotes":""},"class_list":["post-439","page","type-page","status-publish","hentry"],"yoast_head":"<!-- This site is optimized with the Yoast SEO plugin v27.4 - https:\/\/yoast.com\/product\/yoast-seo-wordpress\/ -->\n<title>Agenda de Eventos - AM Virgen de la Asunci\u00f3n<\/title>\n<meta name=\"robots\" content=\"index, follow, max-snippet:-1, max-image-preview:large, max-video-preview:-1\" \/>\n<link rel=\"canonical\" href=\"https:\/\/amasuncionelche.com\/?page_id=439\" \/>\n<meta property=\"og:locale\" content=\"es_ES\" \/>\n<meta property=\"og:type\" content=\"article\" \/>\n<meta property=\"og:title\" content=\"Agenda de Eventos - AM Virgen de la Asunci\u00f3n\" \/>\n<meta property=\"og:description\" content=\"\ud83c\udfba Agenda de Eventos Consult\u00e1 aqu\u00ed el calendario de actividades, procesiones, conciertos y dem\u00e1s compromisos de nuestra agrupaci\u00f3n. Cada evento incluye su fecha, hora, ubicaci\u00f3n y todos los detalles importantes. \u00a1Te esperamos!\" \/>\n<meta property=\"og:url\" content=\"https:\/\/amasuncionelche.com\/?page_id=439\" \/>\n<meta property=\"og:site_name\" content=\"AM Virgen de la Asunci\u00f3n\" \/>\n<meta property=\"article:publisher\" content=\"https:\/\/www.facebook.com\/people\/A-M-Virgen-Asuncion-De-Elche\/pfbid0ECsUJqZBNvVx5J55AvHthFc5vM7hmTfwcBgAANV8PzXuiTrrqEfbZCQ146PdHqQ3l\/?rdid=cWH2lLxt8BIC9UMp&amp;share_url=httpswww.facebook.comshare19SHQLXWFr\" \/>\n<meta property=\"article:modified_time\" content=\"2025-10-02T11:47:31+00:00\" \/>\n<meta name=\"twitter:card\" content=\"summary_large_image\" \/>\n<meta name=\"twitter:label1\" content=\"Tiempo de lectura\" \/>\n\t<meta name=\"twitter:data1\" content=\"1 minuto\" \/>\n<script type=\"application\/ld+json\" class=\"yoast-schema-graph\">{\"@context\":\"https:\\\/\\\/schema.org\",\"@graph\":[{\"@type\":\"WebPage\",\"@id\":\"https:\\\/\\\/amasuncionelche.com\\\/?page_id=439\",\"url\":\"https:\\\/\\\/amasuncionelche.com\\\/?page_id=439\",\"name\":\"Agenda de Eventos - AM Virgen de la Asunci\u00f3n\",\"isPartOf\":{\"@id\":\"https:\\\/\\\/amasuncionelche.com\\\/#website\"},\"datePublished\":\"2025-10-02T11:36:25+00:00\",\"dateModified\":\"2025-10-02T11:47:31+00:00\",\"breadcrumb\":{\"@id\":\"https:\\\/\\\/amasuncionelche.com\\\/?page_id=439#breadcrumb\"},\"inLanguage\":\"es\",\"potentialAction\":[{\"@type\":\"ReadAction\",\"target\":[\"https:\\\/\\\/amasuncionelche.com\\\/?page_id=439\"]}]},{\"@type\":\"BreadcrumbList\",\"@id\":\"https:\\\/\\\/amasuncionelche.com\\\/?page_id=439#breadcrumb\",\"itemListElement\":[{\"@type\":\"ListItem\",\"position\":1,\"name\":\"Portada\",\"item\":\"https:\\\/\\\/amasuncionelche.com\\\/\"},{\"@type\":\"ListItem\",\"position\":2,\"name\":\"Agenda de Eventos\"}]},{\"@type\":\"WebSite\",\"@id\":\"https:\\\/\\\/amasuncionelche.com\\\/#website\",\"url\":\"https:\\\/\\\/amasuncionelche.com\\\/\",\"name\":\"AM Virgen de la Asunci\u00f3n\",\"description\":\"\",\"publisher\":{\"@id\":\"https:\\\/\\\/amasuncionelche.com\\\/#organization\"},\"potentialAction\":[{\"@type\":\"SearchAction\",\"target\":{\"@type\":\"EntryPoint\",\"urlTemplate\":\"https:\\\/\\\/amasuncionelche.com\\\/?s={search_term_string}\"},\"query-input\":{\"@type\":\"PropertyValueSpecification\",\"valueRequired\":true,\"valueName\":\"search_term_string\"}}],\"inLanguage\":\"es\"},{\"@type\":\"Organization\",\"@id\":\"https:\\\/\\\/amasuncionelche.com\\\/#organization\",\"name\":\"AM Virgen de la Asunci\u00f3n\",\"url\":\"https:\\\/\\\/amasuncionelche.com\\\/\",\"logo\":{\"@type\":\"ImageObject\",\"inLanguage\":\"es\",\"@id\":\"https:\\\/\\\/amasuncionelche.com\\\/#\\\/schema\\\/logo\\\/image\\\/\",\"url\":\"https:\\\/\\\/amasuncionelche.com\\\/wp-content\\\/uploads\\\/2025\\\/09\\\/cropped-cropped-ESCUDO-COLOR-SIN-FONDO.png\",\"contentUrl\":\"https:\\\/\\\/amasuncionelche.com\\\/wp-content\\\/uploads\\\/2025\\\/09\\\/cropped-cropped-ESCUDO-COLOR-SIN-FONDO.png\",\"width\":512,\"height\":512,\"caption\":\"AM Virgen de la Asunci\u00f3n\"},\"image\":{\"@id\":\"https:\\\/\\\/amasuncionelche.com\\\/#\\\/schema\\\/logo\\\/image\\\/\"},\"sameAs\":[\"https:\\\/\\\/www.facebook.com\\\/people\\\/A-M-Virgen-Asuncion-De-Elche\\\/pfbid0ECsUJqZBNvVx5J55AvHthFc5vM7hmTfwcBgAANV8PzXuiTrrqEfbZCQ146PdHqQ3l\\\/?rdid=cWH2lLxt8BIC9UMp&share_url=httpswww.facebook.comshare19SHQLXWFr\",\"https:\\\/\\\/www.instagram.com\\\/asuncionelcheam\\\/\",\"https:\\\/\\\/www.tiktok.com\\\/@amasuncion?_t=ZN-8zw2Xv5853P&_r=1\"]}]}<\/script>\n<!-- \/ Yoast SEO plugin. -->","yoast_head_json":{"title":"Agenda de Eventos - AM Virgen de la Asunci\u00f3n","robots":{"index":"index","follow":"follow","max-snippet":"max-snippet:-1","max-image-preview":"max-image-preview:large","max-video-preview":"max-video-preview:-1"},"canonical":"https:\/\/amasuncionelche.com\/?page_id=439","og_locale":"es_ES","og_type":"article","og_title":"Agenda de Eventos - AM Virgen de la Asunci\u00f3n","og_description":"\ud83c\udfba Agenda de Eventos Consult\u00e1 aqu\u00ed el calendario de actividades, procesiones, conciertos y dem\u00e1s compromisos de nuestra agrupaci\u00f3n. Cada evento incluye su fecha, hora, ubicaci\u00f3n y todos los detalles importantes. \u00a1Te esperamos!","og_url":"https:\/\/amasuncionelche.com\/?page_id=439","og_site_name":"AM Virgen de la Asunci\u00f3n","article_publisher":"https:\/\/www.facebook.com\/people\/A-M-Virgen-Asuncion-De-Elche\/pfbid0ECsUJqZBNvVx5J55AvHthFc5vM7hmTfwcBgAANV8PzXuiTrrqEfbZCQ146PdHqQ3l\/?rdid=cWH2lLxt8BIC9UMp&share_url=httpswww.facebook.comshare19SHQLXWFr","article_modified_time":"2025-10-02T11:47:31+00:00","twitter_card":"summary_large_image","twitter_misc":{"Tiempo de lectura":"1 minuto"},"schema":{"@context":"https:\/\/schema.org","@graph":[{"@type":"WebPage","@id":"https:\/\/amasuncionelche.com\/?page_id=439","url":"https:\/\/amasuncionelche.com\/?page_id=439","name":"Agenda de Eventos - AM Virgen de la Asunci\u00f3n","isPartOf":{"@id":"https:\/\/amasuncionelche.com\/#website"},"datePublished":"2025-10-02T11:36:25+00:00","dateModified":"2025-10-02T11:47:31+00:00","breadcrumb":{"@id":"https:\/\/amasuncionelche.com\/?page_id=439#breadcrumb"},"inLanguage":"es","potentialAction":[{"@type":"ReadAction","target":["https:\/\/amasuncionelche.com\/?page_id=439"]}]},{"@type":"BreadcrumbList","@id":"https:\/\/amasuncionelche.com\/?page_id=439#breadcrumb","itemListElement":[{"@type":"ListItem","position":1,"name":"Portada","item":"https:\/\/amasuncionelche.com\/"},{"@type":"ListItem","position":2,"name":"Agenda de Eventos"}]},{"@type":"WebSite","@id":"https:\/\/amasuncionelche.com\/#website","url":"https:\/\/amasuncionelche.com\/","name":"AM Virgen de la Asunci\u00f3n","description":"","publisher":{"@id":"https:\/\/amasuncionelche.com\/#organization"},"potentialAction":[{"@type":"SearchAction","target":{"@type":"EntryPoint","urlTemplate":"https:\/\/amasuncionelche.com\/?s={search_term_string}"},"query-input":{"@type":"PropertyValueSpecification","valueRequired":true,"valueName":"search_term_string"}}],"inLanguage":"es"},{"@type":"Organization","@id":"https:\/\/amasuncionelche.com\/#organization","name":"AM Virgen de la Asunci\u00f3n","url":"https:\/\/amasuncionelche.com\/","logo":{"@type":"ImageObject","inLanguage":"es","@id":"https:\/\/amasuncionelche.com\/#\/schema\/logo\/image\/","url":"https:\/\/amasuncionelche.com\/wp-content\/uploads\/2025\/09\/cropped-cropped-ESCUDO-COLOR-SIN-FONDO.png","contentUrl":"https:\/\/amasuncionelche.com\/wp-content\/uploads\/2025\/09\/cropped-cropped-ESCUDO-COLOR-SIN-FONDO.png","width":512,"height":512,"caption":"AM Virgen de la Asunci\u00f3n"},"image":{"@id":"https:\/\/amasuncionelche.com\/#\/schema\/logo\/image\/"},"sameAs":["https:\/\/www.facebook.com\/people\/A-M-Virgen-Asuncion-De-Elche\/pfbid0ECsUJqZBNvVx5J55AvHthFc5vM7hmTfwcBgAANV8PzXuiTrrqEfbZCQ146PdHqQ3l\/?rdid=cWH2lLxt8BIC9UMp&share_url=httpswww.facebook.comshare19SHQLXWFr","https:\/\/www.instagram.com\/asuncionelcheam\/","https:\/\/www.tiktok.com\/@amasuncion?_t=ZN-8zw2Xv5853P&_r=1"]}]}},"_links":{"self":[{"href":"https:\/\/amasuncionelche.com\/index.php?rest_route=\/wp\/v2\/pages\/439","targetHints":{"allow":["GET"]}}],"collection":[{"href":"https:\/\/amasuncionelche.com\/index.php?rest_route=\/wp\/v2\/pages"}],"about":[{"href":"https:\/\/amasuncionelche.com\/index.php?rest_route=\/wp\/v2\/types\/page"}],"author":[{"embeddable":true,"href":"https:\/\/amasuncionelche.com\/index.php?rest_route=\/wp\/v2\/users\/1"}],"replies":[{"embeddable":true,"href":"https:\/\/amasuncionelche.com\/index.php?rest_route=%2Fwp%2Fv2%2Fcomments&post=439"}],"version-history":[{"count":3,"href":"https:\/\/amasuncionelche.com\/index.php?rest_route=\/wp\/v2\/pages\/439\/revisions"}],"predecessor-version":[{"id":445,"href":"https:\/\/amasuncionelche.com\/index.php?rest_route=\/wp\/v2\/pages\/439\/revisions\/445"}],"wp:attachment":[{"href":"https:\/\/amasuncionelche.com\/index.php?rest_route=%2Fwp%2Fv2%2Fmedia&parent=439"}],"curies":[{"name":"wp","href":"https:\/\/api.w.org\/{rel}","templated":true}]}}