{"id":402,"date":"2025-10-02T09:57:41","date_gmt":"2025-10-02T09:57:41","guid":{"rendered":"https:\/\/amasuncionelche.com\/?page_id=402"},"modified":"2025-10-13T13:10:12","modified_gmt":"2025-10-13T13:10:12","slug":"videos","status":"publish","type":"page","link":"https:\/\/amasuncionelche.com\/?page_id=402","title":{"rendered":"VIDEOS"},"content":{"rendered":"\n<figure class=\"wp-block-embed is-type-video is-provider-youtube wp-block-embed-youtube wp-embed-aspect-16-9 wp-has-aspect-ratio\"><div class=\"wp-block-embed__wrapper\">\n<iframe loading=\"lazy\" title=\"[4K] ALMA DE DIOS + CAMINANDO | A.M. VIRGEN DE LA ASUNCI\u00d3N | EXTRAORDINARIA EXPIRACI\u00d3N 2024 | ELCHE\" width=\"1505\" height=\"847\" src=\"https:\/\/www.youtube.com\/embed\/O-KwB28-06c?feature=oembed\" frameborder=\"0\" allow=\"accelerometer; autoplay; clipboard-write; encrypted-media; gyroscope; picture-in-picture; web-share\" referrerpolicy=\"strict-origin-when-cross-origin\" allowfullscreen><\/iframe>\n<\/div><\/figure>\n\n\n\n<p><\/p>\n\n\n\n<figure class=\"wp-block-embed is-type-video is-provider-youtube wp-block-embed-youtube wp-embed-aspect-16-9 wp-has-aspect-ratio\"><div class=\"wp-block-embed__wrapper\">\n<iframe loading=\"lazy\" title=\"[4K] ENLAZADAS AYUNTAMIENTO | A.M. VIRGEN DE LA ASUNCI\u00d3N | EXTRAORDINARIA EXPIRACI\u00d3N 2024 | ELCHE\" width=\"1505\" height=\"847\" src=\"https:\/\/www.youtube.com\/embed\/euuj-DNaffk?feature=oembed\" frameborder=\"0\" allow=\"accelerometer; autoplay; clipboard-write; encrypted-media; gyroscope; picture-in-picture; web-share\" referrerpolicy=\"strict-origin-when-cross-origin\" allowfullscreen><\/iframe>\n<\/div><\/figure>\n\n\n\n<p><\/p>\n\n\n\n<figure class=\"wp-block-embed is-type-video is-provider-youtube wp-block-embed-youtube wp-embed-aspect-16-9 wp-has-aspect-ratio\"><div class=\"wp-block-embed__wrapper\">\n<iframe loading=\"lazy\" title=\"En Vos Conf\u00edo A M Virgen de la Asunci\u00f3n Elche Martes Santo 2025 Santa Mujer Ver\u00f3nica\" width=\"1505\" height=\"847\" src=\"https:\/\/www.youtube.com\/embed\/9T_QD9WwcUA?feature=oembed\" frameborder=\"0\" allow=\"accelerometer; autoplay; clipboard-write; encrypted-media; gyroscope; picture-in-picture; web-share\" referrerpolicy=\"strict-origin-when-cross-origin\" allowfullscreen><\/iframe>\n<\/div><\/figure>\n\n\n\n<p><\/p>\n\n\n\n<figure class=\"wp-block-embed is-type-video is-provider-youtube wp-block-embed-youtube wp-embed-aspect-16-9 wp-has-aspect-ratio\"><div class=\"wp-block-embed__wrapper\">\n<iframe loading=\"lazy\" title=\"TU DULCE ROSTRO CAUTIVO A M VIRGEN DE LA ASUNCION ELCHE MARTES SANTO 2025 SANTA MUJER VERONICA\" width=\"1505\" height=\"847\" src=\"https:\/\/www.youtube.com\/embed\/mZzIfSCs0-M?feature=oembed\" frameborder=\"0\" allow=\"accelerometer; autoplay; clipboard-write; encrypted-media; gyroscope; picture-in-picture; web-share\" referrerpolicy=\"strict-origin-when-cross-origin\" allowfullscreen><\/iframe>\n<\/div><\/figure>\n\n\n\n<figure class=\"wp-block-embed is-type-video is-provider-youtube wp-block-embed-youtube wp-embed-aspect-16-9 wp-has-aspect-ratio\"><div class=\"wp-block-embed__wrapper\">\n<iframe loading=\"lazy\" title=\"EN TU MIRADA A M VIRGEN DE LA ASUNCION ELCHE MIERCOLES SANTO 2025 FLAGELACION ALBATERA\" width=\"1505\" height=\"847\" src=\"https:\/\/www.youtube.com\/embed\/M2jPzN8f40Y?feature=oembed\" frameborder=\"0\" allow=\"accelerometer; autoplay; clipboard-write; encrypted-media; gyroscope; picture-in-picture; web-share\" referrerpolicy=\"strict-origin-when-cross-origin\" allowfullscreen><\/iframe>\n<\/div><\/figure>\n\n\n\n<p><\/p>\n","protected":false},"excerpt":{"rendered":"","protected":false},"author":1,"featured_media":0,"parent":0,"menu_order":0,"comment_status":"closed","ping_status":"closed","template":"","meta":{"footnotes":""},"class_list":["post-402","page","type-page","status-publish","hentry"],"yoast_head":"<!-- This site is optimized with the Yoast SEO plugin v27.4 - https:\/\/yoast.com\/product\/yoast-seo-wordpress\/ -->\n<title>VIDEOS - AM Virgen de la Asunci\u00f3n<\/title>\n<meta name=\"robots\" content=\"index, follow, max-snippet:-1, max-image-preview:large, max-video-preview:-1\" \/>\n<link rel=\"canonical\" href=\"https:\/\/amasuncionelche.com\/?page_id=402\" \/>\n<meta property=\"og:locale\" content=\"es_ES\" \/>\n<meta property=\"og:type\" content=\"article\" \/>\n<meta property=\"og:title\" content=\"VIDEOS - AM Virgen de la Asunci\u00f3n\" \/>\n<meta property=\"og:url\" content=\"https:\/\/amasuncionelche.com\/?page_id=402\" \/>\n<meta property=\"og:site_name\" content=\"AM Virgen de la Asunci\u00f3n\" \/>\n<meta property=\"article:publisher\" content=\"https:\/\/www.facebook.com\/people\/A-M-Virgen-Asuncion-De-Elche\/pfbid0ECsUJqZBNvVx5J55AvHthFc5vM7hmTfwcBgAANV8PzXuiTrrqEfbZCQ146PdHqQ3l\/?rdid=cWH2lLxt8BIC9UMp&amp;share_url=httpswww.facebook.comshare19SHQLXWFr\" \/>\n<meta property=\"article:modified_time\" content=\"2025-10-13T13:10:12+00:00\" \/>\n<meta name=\"twitter:card\" content=\"summary_large_image\" \/>\n<meta name=\"twitter:label1\" content=\"Tiempo de lectura\" \/>\n\t<meta name=\"twitter:data1\" content=\"1 minuto\" \/>\n<script type=\"application\/ld+json\" class=\"yoast-schema-graph\">{\"@context\":\"https:\\\/\\\/schema.org\",\"@graph\":[{\"@type\":\"WebPage\",\"@id\":\"https:\\\/\\\/amasuncionelche.com\\\/?page_id=402\",\"url\":\"https:\\\/\\\/amasuncionelche.com\\\/?page_id=402\",\"name\":\"VIDEOS - AM Virgen de la Asunci\u00f3n\",\"isPartOf\":{\"@id\":\"https:\\\/\\\/amasuncionelche.com\\\/#website\"},\"datePublished\":\"2025-10-02T09:57:41+00:00\",\"dateModified\":\"2025-10-13T13:10:12+00:00\",\"breadcrumb\":{\"@id\":\"https:\\\/\\\/amasuncionelche.com\\\/?page_id=402#breadcrumb\"},\"inLanguage\":\"es\",\"potentialAction\":[{\"@type\":\"ReadAction\",\"target\":[\"https:\\\/\\\/amasuncionelche.com\\\/?page_id=402\"]}]},{\"@type\":\"BreadcrumbList\",\"@id\":\"https:\\\/\\\/amasuncionelche.com\\\/?page_id=402#breadcrumb\",\"itemListElement\":[{\"@type\":\"ListItem\",\"position\":1,\"name\":\"Portada\",\"item\":\"https:\\\/\\\/amasuncionelche.com\\\/\"},{\"@type\":\"ListItem\",\"position\":2,\"name\":\"VIDEOS\"}]},{\"@type\":\"WebSite\",\"@id\":\"https:\\\/\\\/amasuncionelche.com\\\/#website\",\"url\":\"https:\\\/\\\/amasuncionelche.com\\\/\",\"name\":\"AM Virgen de la Asunci\u00f3n\",\"description\":\"\",\"publisher\":{\"@id\":\"https:\\\/\\\/amasuncionelche.com\\\/#organization\"},\"potentialAction\":[{\"@type\":\"SearchAction\",\"target\":{\"@type\":\"EntryPoint\",\"urlTemplate\":\"https:\\\/\\\/amasuncionelche.com\\\/?s={search_term_string}\"},\"query-input\":{\"@type\":\"PropertyValueSpecification\",\"valueRequired\":true,\"valueName\":\"search_term_string\"}}],\"inLanguage\":\"es\"},{\"@type\":\"Organization\",\"@id\":\"https:\\\/\\\/amasuncionelche.com\\\/#organization\",\"name\":\"AM Virgen de la Asunci\u00f3n\",\"url\":\"https:\\\/\\\/amasuncionelche.com\\\/\",\"logo\":{\"@type\":\"ImageObject\",\"inLanguage\":\"es\",\"@id\":\"https:\\\/\\\/amasuncionelche.com\\\/#\\\/schema\\\/logo\\\/image\\\/\",\"url\":\"https:\\\/\\\/amasuncionelche.com\\\/wp-content\\\/uploads\\\/2025\\\/09\\\/cropped-cropped-ESCUDO-COLOR-SIN-FONDO.png\",\"contentUrl\":\"https:\\\/\\\/amasuncionelche.com\\\/wp-content\\\/uploads\\\/2025\\\/09\\\/cropped-cropped-ESCUDO-COLOR-SIN-FONDO.png\",\"width\":512,\"height\":512,\"caption\":\"AM Virgen de la Asunci\u00f3n\"},\"image\":{\"@id\":\"https:\\\/\\\/amasuncionelche.com\\\/#\\\/schema\\\/logo\\\/image\\\/\"},\"sameAs\":[\"https:\\\/\\\/www.facebook.com\\\/people\\\/A-M-Virgen-Asuncion-De-Elche\\\/pfbid0ECsUJqZBNvVx5J55AvHthFc5vM7hmTfwcBgAANV8PzXuiTrrqEfbZCQ146PdHqQ3l\\\/?rdid=cWH2lLxt8BIC9UMp&share_url=httpswww.facebook.comshare19SHQLXWFr\",\"https:\\\/\\\/www.instagram.com\\\/asuncionelcheam\\\/\",\"https:\\\/\\\/www.tiktok.com\\\/@amasuncion?_t=ZN-8zw2Xv5853P&_r=1\"]}]}<\/script>\n<!-- \/ Yoast SEO plugin. -->","yoast_head_json":{"title":"VIDEOS - AM Virgen de la Asunci\u00f3n","robots":{"index":"index","follow":"follow","max-snippet":"max-snippet:-1","max-image-preview":"max-image-preview:large","max-video-preview":"max-video-preview:-1"},"canonical":"https:\/\/amasuncionelche.com\/?page_id=402","og_locale":"es_ES","og_type":"article","og_title":"VIDEOS - AM Virgen de la Asunci\u00f3n","og_url":"https:\/\/amasuncionelche.com\/?page_id=402","og_site_name":"AM Virgen de la Asunci\u00f3n","article_publisher":"https:\/\/www.facebook.com\/people\/A-M-Virgen-Asuncion-De-Elche\/pfbid0ECsUJqZBNvVx5J55AvHthFc5vM7hmTfwcBgAANV8PzXuiTrrqEfbZCQ146PdHqQ3l\/?rdid=cWH2lLxt8BIC9UMp&share_url=httpswww.facebook.comshare19SHQLXWFr","article_modified_time":"2025-10-13T13:10:12+00:00","twitter_card":"summary_large_image","twitter_misc":{"Tiempo de lectura":"1 minuto"},"schema":{"@context":"https:\/\/schema.org","@graph":[{"@type":"WebPage","@id":"https:\/\/amasuncionelche.com\/?page_id=402","url":"https:\/\/amasuncionelche.com\/?page_id=402","name":"VIDEOS - AM Virgen de la Asunci\u00f3n","isPartOf":{"@id":"https:\/\/amasuncionelche.com\/#website"},"datePublished":"2025-10-02T09:57:41+00:00","dateModified":"2025-10-13T13:10:12+00:00","breadcrumb":{"@id":"https:\/\/amasuncionelche.com\/?page_id=402#breadcrumb"},"inLanguage":"es","potentialAction":[{"@type":"ReadAction","target":["https:\/\/amasuncionelche.com\/?page_id=402"]}]},{"@type":"BreadcrumbList","@id":"https:\/\/amasuncionelche.com\/?page_id=402#breadcrumb","itemListElement":[{"@type":"ListItem","position":1,"name":"Portada","item":"https:\/\/amasuncionelche.com\/"},{"@type":"ListItem","position":2,"name":"VIDEOS"}]},{"@type":"WebSite","@id":"https:\/\/amasuncionelche.com\/#website","url":"https:\/\/amasuncionelche.com\/","name":"AM Virgen de la Asunci\u00f3n","description":"","publisher":{"@id":"https:\/\/amasuncionelche.com\/#organization"},"potentialAction":[{"@type":"SearchAction","target":{"@type":"EntryPoint","urlTemplate":"https:\/\/amasuncionelche.com\/?s={search_term_string}"},"query-input":{"@type":"PropertyValueSpecification","valueRequired":true,"valueName":"search_term_string"}}],"inLanguage":"es"},{"@type":"Organization","@id":"https:\/\/amasuncionelche.com\/#organization","name":"AM Virgen de la Asunci\u00f3n","url":"https:\/\/amasuncionelche.com\/","logo":{"@type":"ImageObject","inLanguage":"es","@id":"https:\/\/amasuncionelche.com\/#\/schema\/logo\/image\/","url":"https:\/\/amasuncionelche.com\/wp-content\/uploads\/2025\/09\/cropped-cropped-ESCUDO-COLOR-SIN-FONDO.png","contentUrl":"https:\/\/amasuncionelche.com\/wp-content\/uploads\/2025\/09\/cropped-cropped-ESCUDO-COLOR-SIN-FONDO.png","width":512,"height":512,"caption":"AM Virgen de la Asunci\u00f3n"},"image":{"@id":"https:\/\/amasuncionelche.com\/#\/schema\/logo\/image\/"},"sameAs":["https:\/\/www.facebook.com\/people\/A-M-Virgen-Asuncion-De-Elche\/pfbid0ECsUJqZBNvVx5J55AvHthFc5vM7hmTfwcBgAANV8PzXuiTrrqEfbZCQ146PdHqQ3l\/?rdid=cWH2lLxt8BIC9UMp&share_url=httpswww.facebook.comshare19SHQLXWFr","https:\/\/www.instagram.com\/asuncionelcheam\/","https:\/\/www.tiktok.com\/@amasuncion?_t=ZN-8zw2Xv5853P&_r=1"]}]}},"_links":{"self":[{"href":"https:\/\/amasuncionelche.com\/index.php?rest_route=\/wp\/v2\/pages\/402","targetHints":{"allow":["GET"]}}],"collection":[{"href":"https:\/\/amasuncionelche.com\/index.php?rest_route=\/wp\/v2\/pages"}],"about":[{"href":"https:\/\/amasuncionelche.com\/index.php?rest_route=\/wp\/v2\/types\/page"}],"author":[{"embeddable":true,"href":"https:\/\/amasuncionelche.com\/index.php?rest_route=\/wp\/v2\/users\/1"}],"replies":[{"embeddable":true,"href":"https:\/\/amasuncionelche.com\/index.php?rest_route=%2Fwp%2Fv2%2Fcomments&post=402"}],"version-history":[{"count":3,"href":"https:\/\/amasuncionelche.com\/index.php?rest_route=\/wp\/v2\/pages\/402\/revisions"}],"predecessor-version":[{"id":456,"href":"https:\/\/amasuncionelche.com\/index.php?rest_route=\/wp\/v2\/pages\/402\/revisions\/456"}],"wp:attachment":[{"href":"https:\/\/amasuncionelche.com\/index.php?rest_route=%2Fwp%2Fv2%2Fmedia&parent=402"}],"curies":[{"name":"wp","href":"https:\/\/api.w.org\/{rel}","templated":true}]}}