{"id":13,"date":"2025-09-11T10:51:36","date_gmt":"2025-09-11T10:51:36","guid":{"rendered":"https:\/\/amasuncionelche.com\/?page_id=13"},"modified":"2025-09-25T08:00:43","modified_gmt":"2025-09-25T08:00:43","slug":"historia-proyecto","status":"publish","type":"page","link":"https:\/\/amasuncionelche.com\/?page_id=13","title":{"rendered":"HISTORIA"},"content":{"rendered":"\n<div class=\"wp-block-cover aligncenter\" style=\"min-height:600px;aspect-ratio:unset;\"><span aria-hidden=\"true\" class=\"wp-block-cover__background has-nv-light-bg-background-color has-background-dim-100 has-background-dim\"><\/span><div class=\"wp-block-cover__inner-container is-layout-flow wp-block-cover-is-layout-flow\">\n<div class=\"wp-block-group\"><div class=\"wp-block-group__inner-container is-layout-flow wp-block-group-is-layout-flow\">\n<div class=\"wp-block-cover aligncenter has-custom-content-position is-position-bottom-left\" style=\"border-radius:32px;padding-top:var(--wp--preset--spacing--60);padding-right:var(--wp--preset--spacing--60);padding-bottom:var(--wp--preset--spacing--60);padding-left:var(--wp--preset--spacing--60);min-height:500px;aspect-ratio:unset;\"><img loading=\"lazy\" decoding=\"async\" width=\"1024\" height=\"845\" class=\"wp-block-cover__image-background wp-image-49 size-large\" alt=\"\" src=\"https:\/\/amasuncionelche.com\/wp-content\/uploads\/2025\/09\/724A0182-1024x845.jpg\" data-object-fit=\"cover\" srcset=\"https:\/\/amasuncionelche.com\/wp-content\/uploads\/2025\/09\/724A0182-1024x845.jpg 1024w, https:\/\/amasuncionelche.com\/wp-content\/uploads\/2025\/09\/724A0182-300x248.jpg 300w, https:\/\/amasuncionelche.com\/wp-content\/uploads\/2025\/09\/724A0182-768x634.jpg 768w, https:\/\/amasuncionelche.com\/wp-content\/uploads\/2025\/09\/724A0182-1536x1267.jpg 1536w, https:\/\/amasuncionelche.com\/wp-content\/uploads\/2025\/09\/724A0182-2048x1690.jpg 2048w, https:\/\/amasuncionelche.com\/wp-content\/uploads\/2025\/09\/724A0182-242x200.jpg 242w\" sizes=\"auto, (max-width: 1024px) 100vw, 1024px\" \/><span aria-hidden=\"true\" class=\"wp-block-cover__background has-neve-link-color-background-color has-background-dim\"><\/span><div class=\"wp-block-cover__inner-container is-layout-flow wp-block-cover-is-layout-flow\">\n<p class=\"has-text-align-center has-large-font-size\">Agrupaci\u00f3n Musical Virgen de la Asunci\u00f3n<\/p>\n<\/div><\/div>\n\n\n\n<div style=\"height:60px\" aria-hidden=\"true\" class=\"wp-block-spacer\"><\/div>\n\n\n\n<div class=\"wp-block-group\"><div class=\"wp-block-group__inner-container is-layout-constrained wp-block-group-is-layout-constrained\">\n<div class=\"wp-block-columns are-vertically-aligned-center is-layout-flex wp-container-core-columns-is-layout-9d6595d7 wp-block-columns-is-layout-flex\">\n<div class=\"wp-block-column is-vertically-aligned-center is-layout-flow wp-block-column-is-layout-flow\" style=\"padding-right:var(--wp--preset--spacing--30);padding-left:var(--wp--preset--spacing--30);flex-basis:67%\">\n<p class=\"has-text-align-center has-neve-text-color-color has-text-color\">Nuestra Historia<\/p>\n\n\n\n<p class=\"has-text-align-left has-headings-color has-text-color has-link-color wp-elements-8e12fea42e893ce02e838c20fdfe5abd\">La <strong>Agrupaci\u00f3n Musical Virgen de la Asunci\u00f3n<\/strong> nace en la ciudad de <strong>Elche<\/strong> en el verano de <strong>2023<\/strong>, como fruto de la ilusi\u00f3n compartida por un grupo de m\u00fasicos comprometidos con la cultura cofrade y el arte sacro musical. Su historia comienza oficialmente el <strong>4 de septiembre de 2023<\/strong>, con la celebraci\u00f3n del primer ensayo, que marcar\u00eda el inicio de un camino lleno de esfuerzo, pasi\u00f3n y compromiso.<\/p>\n\n\n\n<p class=\"has-text-align-left has-headings-color has-text-color has-link-color wp-elements-ab7a3ff5700225a4c008c1a27bece9f7\">La formaci\u00f3n surge bajo la iniciativa y gu\u00eda de D. <strong>Antonio Vicente Rodr\u00edguez \u201cPipe\u201d<\/strong>, quien puso en marcha los primeros pasos del proyecto. Pocos meses despu\u00e9s, se incorpor\u00f3 como <strong>director musical<\/strong>  D. <strong>Jos\u00e9 Torres Rodr\u00edguez<\/strong>, quien asumi\u00f3 la responsabilidad art\u00edstica de la agrupaci\u00f3n y contin\u00faa desempe\u00f1ando este rol en la actualidad.<\/p>\n\n\n\n<p class=\"has-text-align-left has-headings-color has-text-color has-link-color wp-elements-afe415b036bd5946deee79ca71047c59\">Desde el inicio, la agrupaci\u00f3n se marc\u00f3 un reto ambicioso pero cargado de significado: <strong>realizar su primera actuaci\u00f3n en el concierto en honor a Santa Cecilia<\/strong>, patrona de los m\u00fasicos.Dicho concierto se celebr\u00f3 el <strong>19 de noviembre de 2023<\/strong>, y supuso el estreno oficial de la agrupaci\u00f3n ante el p\u00fablico. Aquella primera actuaci\u00f3n fue un \u00e9xito rotundo: <strong>65 m\u00fasicos<\/strong> subieron al escenario para interpretar un repertorio cuidado y emotivo, incluyendo las marchas <em>Santa Mar\u00eda de la Esperanza<\/em>, <em>Pescador de Hombres<\/em> y <em>Oh, Pecador<\/em>, en compa\u00f1\u00eda de otras formaciones locales y bandas invitadas de fuera de Elche.<img loading=\"lazy\" decoding=\"async\" width=\"2400\" height=\"1080\" class=\"wp-image-59\" style=\"width: 2400px;\" src=\"https:\/\/amasuncionelche.com\/wp-content\/uploads\/2025\/09\/WhatsApp-Image-2023-11-19-at-16.12.01-1.jpeg\" alt=\"\" srcset=\"https:\/\/amasuncionelche.com\/wp-content\/uploads\/2025\/09\/WhatsApp-Image-2023-11-19-at-16.12.01-1.jpeg 1600w, https:\/\/amasuncionelche.com\/wp-content\/uploads\/2025\/09\/WhatsApp-Image-2023-11-19-at-16.12.01-1-300x135.jpeg 300w, https:\/\/amasuncionelche.com\/wp-content\/uploads\/2025\/09\/WhatsApp-Image-2023-11-19-at-16.12.01-1-768x346.jpeg 768w, https:\/\/amasuncionelche.com\/wp-content\/uploads\/2025\/09\/WhatsApp-Image-2023-11-19-at-16.12.01-1-1024x461.jpeg 1024w, https:\/\/amasuncionelche.com\/wp-content\/uploads\/2025\/09\/WhatsApp-Image-2023-11-19-at-16.12.01-1-1536x691.jpeg 1536w, https:\/\/amasuncionelche.com\/wp-content\/uploads\/2025\/09\/WhatsApp-Image-2023-11-19-at-16.12.01-1-444x200.jpeg 444w\" sizes=\"auto, (max-width: 2400px) 100vw, 2400px\" \/><\/p>\n\n\n\n<p class=\"has-text-align-left has-headings-color has-text-color has-link-color wp-elements-339626fc80c88bc0b528b2b36cdd8f05\">La actividad de la agrupaci\u00f3n no tard\u00f3 en expandirse. Durante la <strong>Navidad de 2023<\/strong>, particip\u00f3 en la <strong>Cabalgata de los Reyes Magos<\/strong>, acompa\u00f1ando con m\u00fasica al boato del <strong>Rey Gaspar<\/strong>, una cita muy esperada por la ciudadan\u00eda ilicitana y que marc\u00f3 un momento especial en el primer ciclo navide\u00f1o de la banda .<\/p>\n\n\n\n<p class=\"has-text-align-left has-headings-color has-text-color has-link-color wp-elements-232e4d7f736371dd75e1517be3311b9c\">El momento m\u00e1s emotivo de esta primera etapa tuvo lugar el <strong>10 de febrero de 2024<\/strong>, fecha en la que se celebr\u00f3 la <strong>presentaci\u00f3n oficial de la agrupaci\u00f3n a la ciudad de Elche<\/strong>. El acto, presentado por D. <strong>Antonio Baz\u00e1n<\/strong>, tuvo lugar en un entorno de profundo simbolismo: la <strong>Bas\u00edlica de Santa Mar\u00eda<\/strong>, templo donde se venera a la <strong>patrona de la ciudad<\/strong>, la Virgen de la Asunci\u00f3n, que da nombre a la formaci\u00f3n. All\u00ed se celebr\u00f3 un acto solemne, en el que se bendijo el estandarte de la agrupaci\u00f3n y se reafirm\u00f3 p\u00fablicamente su vocaci\u00f3n art\u00edstica y devocional. Este acto cont\u00f3 con una amplia representaci\u00f3n institucional, incluyendo la presencia del <strong>alcalde de Elche, D. Pablo Ruz<\/strong>, la <strong>teniente de alcalde Aurora Rodil<\/strong>, representantes del clero, as\u00ed como entidades se\u00f1eras de la ciudad como el <strong>Patronato del Misteri d\u2019Elx<\/strong>, la <strong>Venida de la Virgen<\/strong>, asociaciones culturales, cofrad\u00edas y hermandades.<\/p>\n\n\n\n<p class=\"has-text-align-center has-headings-color has-text-color has-link-color wp-elements-871022a3b42730a073c25039c71305f0\"><img loading=\"lazy\" decoding=\"async\" width=\"2400\" height=\"1600\" class=\"wp-image-65\" style=\"width: 2400px;\" src=\"https:\/\/amasuncionelche.com\/wp-content\/uploads\/2025\/09\/724A9075-scaled.jpg\" alt=\"\" srcset=\"https:\/\/amasuncionelche.com\/wp-content\/uploads\/2025\/09\/724A9075-scaled.jpg 2560w, https:\/\/amasuncionelche.com\/wp-content\/uploads\/2025\/09\/724A9075-2048x1365.jpg 2048w, https:\/\/amasuncionelche.com\/wp-content\/uploads\/2025\/09\/724A9075-300x200.jpg 300w, https:\/\/amasuncionelche.com\/wp-content\/uploads\/2025\/09\/724A9075-768x512.jpg 768w, https:\/\/amasuncionelche.com\/wp-content\/uploads\/2025\/09\/724A9075-1024x683.jpg 1024w, https:\/\/amasuncionelche.com\/wp-content\/uploads\/2025\/09\/724A9075-1536x1024.jpg 1536w\" sizes=\"auto, (max-width: 2400px) 100vw, 2400px\" \/><\/p>\n\n\n\n<p class=\"has-text-align-left has-headings-color has-text-color has-link-color wp-elements-a7404f69dfa923a42a64d4c6f87c0bea\">La agrupaci\u00f3n fue consolidando su presencia en el panorama cofrade y musical de la zona, cerrando en su primer a\u00f1o de vida compromisos con importantes cofrad\u00edas como:<\/p>\n\n\n\n<ul class=\"wp-block-list\">\n<li class=\"has-headings-color has-text-color has-link-color has-normal-font-size wp-elements-36eb8167759b1e6dc9fe16755f97c132\"><a href=\"https:\/\/www.cofradiasantamujerveronicaelche.es\/\"><strong>Cofrad\u00eda de la Santa Mujer Ver\u00f3nica<\/strong> (Elche)<\/a><\/li>\n\n\n\n<li class=\"has-headings-color has-text-color has-link-color has-normal-font-size wp-elements-33178dae81341ee382cea1e9ec668b7b\"><a href=\"https:\/\/www.santacenaalicante.es\/\"><strong>Hermandad de la Santa Cena<\/strong> (Alicante)<\/a><\/li>\n\n\n\n<li class=\"has-headings-color has-text-color has-link-color has-normal-font-size wp-elements-f2adb71b34f214cfd4d598a0dccae43b\"><strong><a href=\"https:\/\/cofradiadelacaridad.com\/\">Hermandad de la Caridad<\/a><\/strong> (Murcia)<\/li>\n\n\n\n<li class=\"has-headings-color has-text-color has-link-color has-normal-font-size wp-elements-d5c22ac432553811a3a0e449007b89fa\"><a href=\"https:\/\/semanasanta-jumilla.es\/hermandades-cofradias\/hermandad-san-juan\/\"><strong>Hermandad de Jes\u00fas Resucitado<\/strong> (Jumilla)<\/a><\/li>\n<\/ul>\n\n\n\n<p class=\"has-text-align-left has-sitetext-color has-text-color has-link-color wp-elements-c874d436d705253294afdb4560cee96c\">Adem\u00e1s, fue seleccionada para participar en el <strong>Certamen Nacional de Bandas de M\u00fasica Cofrade de Alicante<\/strong>, un evento de prestigio en el que comparti\u00f3 escenario con algunas de las agrupaciones m\u00e1s destacadas del \u00e1mbito nacional.<\/p>\n\n\n\n<p class=\"has-text-align-left has-headings-color has-text-color has-link-color wp-elements-26a52076f555d69d2b17b230f749d96c\">As\u00ed tambien, la formaci\u00f3n tuvo el placer de poder acompa\u00f1ar musicalmente al Stmo. Cristo de la Expiraci\u00f3n de Elche en su segunda salida extraordinaria por las calles del centro de la ciudad, asi como por las calles del barrio del Raval, al que pertenece esta asociaci\u00f3n ben\u00e9fica.<\/p>\n\n\n\n<p class=\"has-headings-color has-text-color has-link-color wp-elements-65ab49e16abbf3f65fe5fea7653577e1\">Actualmente, la <strong>Agrupaci\u00f3n Musical Virgen de la Asunci\u00f3n<\/strong> cuenta con <strong>alrededor de 90 componentes<\/strong>, y contin\u00faa creciendo en n\u00famero, calidad y presencia. Bajo la direcci\u00f3n musical de <strong>Jos\u00e9 Torres Rodr\u00edguez<\/strong>, la banda participa activamente en la <strong>Semana Santa de Elche<\/strong>, as\u00ed como en procesiones y actos religiosos en localidades como <strong>Murcia, Cuevas del Almanzora<\/strong> o <strong>Albatera<\/strong>.<\/p>\n\n\n\n<p class=\"has-headings-color has-text-color has-link-color wp-elements-7306c066040649cd801941a95f044527\">Adem\u00e1s de haber participado en actos como el Certamen de Bandas de Callosa del Segura, Acto Institucional de la Hermandad de la Cena de Alicante, Jornadas de la Santa Faz en Elche, acompa\u00f1ando a la Cofrad\u00eda de la Santa Mujer Ver\u00f3nica en su salida extraordinaria. As\u00ed como en otros eventos de la ciudad. <\/p>\n\n\n\n<p><\/p>\n\n\n\n<p class=\"has-headings-color has-text-color has-link-color wp-elements-d0e1dea68caa756f67e91caf7784b851\"><img loading=\"lazy\" decoding=\"async\" width=\"2400\" height=\"1600\" class=\"wp-image-61\" style=\"width: 2400px;\" src=\"https:\/\/amasuncionelche.com\/wp-content\/uploads\/2025\/09\/724A0407-scaled.jpg\" alt=\"\" srcset=\"https:\/\/amasuncionelche.com\/wp-content\/uploads\/2025\/09\/724A0407-scaled.jpg 2560w, https:\/\/amasuncionelche.com\/wp-content\/uploads\/2025\/09\/724A0407-2048x1365.jpg 2048w, https:\/\/amasuncionelche.com\/wp-content\/uploads\/2025\/09\/724A0407-300x200.jpg 300w, https:\/\/amasuncionelche.com\/wp-content\/uploads\/2025\/09\/724A0407-768x512.jpg 768w, https:\/\/amasuncionelche.com\/wp-content\/uploads\/2025\/09\/724A0407-1024x683.jpg 1024w, https:\/\/amasuncionelche.com\/wp-content\/uploads\/2025\/09\/724A0407-1536x1024.jpg 1536w\" sizes=\"auto, (max-width: 2400px) 100vw, 2400px\" \/>Nuestra agrupaci\u00f3n no solo es un proyecto musical, sino tambi\u00e9n un espacio de encuentro intergeneracional, un colectivo humano que trabaja con entrega por dignificar la m\u00fasica procesional y por representar con orgullo el nombre de <strong>Elche<\/strong> all\u00e1 donde suene.<\/p>\n\n\n\n<div style=\"height:67px\" aria-hidden=\"true\" class=\"wp-block-spacer\"><\/div>\n\n\n<div class=\"wp-block-image\">\n<figure class=\"aligncenter size-large is-resized\"><img loading=\"lazy\" decoding=\"async\" width=\"629\" height=\"1024\" src=\"https:\/\/amasuncionelche.com\/wp-content\/uploads\/2025\/09\/ESCUDO-COLOR-SIN-FONDO-629x1024.png\" alt=\"\" class=\"wp-image-16\" style=\"width:71px;height:auto\" srcset=\"https:\/\/amasuncionelche.com\/wp-content\/uploads\/2025\/09\/ESCUDO-COLOR-SIN-FONDO-629x1024.png 629w, https:\/\/amasuncionelche.com\/wp-content\/uploads\/2025\/09\/ESCUDO-COLOR-SIN-FONDO-123x200.png 123w, https:\/\/amasuncionelche.com\/wp-content\/uploads\/2025\/09\/ESCUDO-COLOR-SIN-FONDO-184x300.png 184w, https:\/\/amasuncionelche.com\/wp-content\/uploads\/2025\/09\/ESCUDO-COLOR-SIN-FONDO-768x1250.png 768w, https:\/\/amasuncionelche.com\/wp-content\/uploads\/2025\/09\/ESCUDO-COLOR-SIN-FONDO-944x1536.png 944w, https:\/\/amasuncionelche.com\/wp-content\/uploads\/2025\/09\/ESCUDO-COLOR-SIN-FONDO.png 983w\" sizes=\"auto, (max-width: 629px) 100vw, 629px\" \/><\/figure>\n<\/div>\n\n\n<div style=\"height:0px\" aria-hidden=\"true\" class=\"wp-block-spacer\"><\/div>\n\n\n\n<div style=\"height:24px\" aria-hidden=\"true\" class=\"wp-block-spacer\"><\/div>\n<\/div>\n<\/div>\n<\/div><\/div>\n\n\n\n<div style=\"height:40px\" aria-hidden=\"true\" class=\"wp-block-spacer\"><\/div>\n<\/div><\/div>\n<\/div><\/div>\n","protected":false},"excerpt":{"rendered":"","protected":false},"author":1,"featured_media":0,"parent":0,"menu_order":0,"comment_status":"closed","ping_status":"closed","template":"","meta":{"footnotes":""},"class_list":["post-13","page","type-page","status-publish","hentry"],"yoast_head":"<!-- This site is optimized with the Yoast SEO plugin v27.4 - https:\/\/yoast.com\/product\/yoast-seo-wordpress\/ -->\n<title>HISTORIA - AM Virgen de la Asunci\u00f3n<\/title>\n<meta name=\"robots\" content=\"index, follow, max-snippet:-1, max-image-preview:large, max-video-preview:-1\" \/>\n<link rel=\"canonical\" href=\"https:\/\/amasuncionelche.com\/?page_id=13\" \/>\n<meta property=\"og:locale\" content=\"es_ES\" \/>\n<meta property=\"og:type\" content=\"article\" \/>\n<meta property=\"og:title\" content=\"HISTORIA - AM Virgen de la Asunci\u00f3n\" \/>\n<meta property=\"og:url\" content=\"https:\/\/amasuncionelche.com\/?page_id=13\" \/>\n<meta property=\"og:site_name\" content=\"AM Virgen de la Asunci\u00f3n\" \/>\n<meta property=\"article:publisher\" content=\"https:\/\/www.facebook.com\/people\/A-M-Virgen-Asuncion-De-Elche\/pfbid0ECsUJqZBNvVx5J55AvHthFc5vM7hmTfwcBgAANV8PzXuiTrrqEfbZCQ146PdHqQ3l\/?rdid=cWH2lLxt8BIC9UMp&amp;share_url=httpswww.facebook.comshare19SHQLXWFr\" \/>\n<meta property=\"article:modified_time\" content=\"2025-09-25T08:00:43+00:00\" \/>\n<meta property=\"og:image\" content=\"https:\/\/amasuncionelche.com\/wp-content\/uploads\/2025\/09\/724A0182-scaled.jpg\" \/>\n\t<meta property=\"og:image:width\" content=\"2560\" \/>\n\t<meta property=\"og:image:height\" content=\"2112\" \/>\n\t<meta property=\"og:image:type\" content=\"image\/jpeg\" \/>\n<meta name=\"twitter:card\" content=\"summary_large_image\" \/>\n<meta name=\"twitter:label1\" content=\"Tiempo de lectura\" \/>\n\t<meta name=\"twitter:data1\" content=\"5 minutos\" \/>\n<script type=\"application\/ld+json\" class=\"yoast-schema-graph\">{\"@context\":\"https:\\\/\\\/schema.org\",\"@graph\":[{\"@type\":\"WebPage\",\"@id\":\"https:\\\/\\\/amasuncionelche.com\\\/?page_id=13\",\"url\":\"https:\\\/\\\/amasuncionelche.com\\\/?page_id=13\",\"name\":\"HISTORIA - AM Virgen de la Asunci\u00f3n\",\"isPartOf\":{\"@id\":\"https:\\\/\\\/amasuncionelche.com\\\/#website\"},\"primaryImageOfPage\":{\"@id\":\"https:\\\/\\\/amasuncionelche.com\\\/?page_id=13#primaryimage\"},\"image\":{\"@id\":\"https:\\\/\\\/amasuncionelche.com\\\/?page_id=13#primaryimage\"},\"thumbnailUrl\":\"https:\\\/\\\/amasuncionelche.com\\\/wp-content\\\/uploads\\\/2025\\\/09\\\/724A0182-1024x845.jpg\",\"datePublished\":\"2025-09-11T10:51:36+00:00\",\"dateModified\":\"2025-09-25T08:00:43+00:00\",\"breadcrumb\":{\"@id\":\"https:\\\/\\\/amasuncionelche.com\\\/?page_id=13#breadcrumb\"},\"inLanguage\":\"es\",\"potentialAction\":[{\"@type\":\"ReadAction\",\"target\":[\"https:\\\/\\\/amasuncionelche.com\\\/?page_id=13\"]}]},{\"@type\":\"ImageObject\",\"inLanguage\":\"es\",\"@id\":\"https:\\\/\\\/amasuncionelche.com\\\/?page_id=13#primaryimage\",\"url\":\"https:\\\/\\\/amasuncionelche.com\\\/wp-content\\\/uploads\\\/2025\\\/09\\\/724A0182-scaled.jpg\",\"contentUrl\":\"https:\\\/\\\/amasuncionelche.com\\\/wp-content\\\/uploads\\\/2025\\\/09\\\/724A0182-scaled.jpg\",\"width\":2560,\"height\":2112},{\"@type\":\"BreadcrumbList\",\"@id\":\"https:\\\/\\\/amasuncionelche.com\\\/?page_id=13#breadcrumb\",\"itemListElement\":[{\"@type\":\"ListItem\",\"position\":1,\"name\":\"Portada\",\"item\":\"https:\\\/\\\/amasuncionelche.com\\\/\"},{\"@type\":\"ListItem\",\"position\":2,\"name\":\"HISTORIA\"}]},{\"@type\":\"WebSite\",\"@id\":\"https:\\\/\\\/amasuncionelche.com\\\/#website\",\"url\":\"https:\\\/\\\/amasuncionelche.com\\\/\",\"name\":\"AM Virgen de la Asunci\u00f3n\",\"description\":\"\",\"publisher\":{\"@id\":\"https:\\\/\\\/amasuncionelche.com\\\/#organization\"},\"potentialAction\":[{\"@type\":\"SearchAction\",\"target\":{\"@type\":\"EntryPoint\",\"urlTemplate\":\"https:\\\/\\\/amasuncionelche.com\\\/?s={search_term_string}\"},\"query-input\":{\"@type\":\"PropertyValueSpecification\",\"valueRequired\":true,\"valueName\":\"search_term_string\"}}],\"inLanguage\":\"es\"},{\"@type\":\"Organization\",\"@id\":\"https:\\\/\\\/amasuncionelche.com\\\/#organization\",\"name\":\"AM Virgen de la Asunci\u00f3n\",\"url\":\"https:\\\/\\\/amasuncionelche.com\\\/\",\"logo\":{\"@type\":\"ImageObject\",\"inLanguage\":\"es\",\"@id\":\"https:\\\/\\\/amasuncionelche.com\\\/#\\\/schema\\\/logo\\\/image\\\/\",\"url\":\"https:\\\/\\\/amasuncionelche.com\\\/wp-content\\\/uploads\\\/2025\\\/09\\\/cropped-cropped-ESCUDO-COLOR-SIN-FONDO.png\",\"contentUrl\":\"https:\\\/\\\/amasuncionelche.com\\\/wp-content\\\/uploads\\\/2025\\\/09\\\/cropped-cropped-ESCUDO-COLOR-SIN-FONDO.png\",\"width\":512,\"height\":512,\"caption\":\"AM Virgen de la Asunci\u00f3n\"},\"image\":{\"@id\":\"https:\\\/\\\/amasuncionelche.com\\\/#\\\/schema\\\/logo\\\/image\\\/\"},\"sameAs\":[\"https:\\\/\\\/www.facebook.com\\\/people\\\/A-M-Virgen-Asuncion-De-Elche\\\/pfbid0ECsUJqZBNvVx5J55AvHthFc5vM7hmTfwcBgAANV8PzXuiTrrqEfbZCQ146PdHqQ3l\\\/?rdid=cWH2lLxt8BIC9UMp&share_url=httpswww.facebook.comshare19SHQLXWFr\",\"https:\\\/\\\/www.instagram.com\\\/asuncionelcheam\\\/\",\"https:\\\/\\\/www.tiktok.com\\\/@amasuncion?_t=ZN-8zw2Xv5853P&_r=1\"]}]}<\/script>\n<!-- \/ Yoast SEO plugin. -->","yoast_head_json":{"title":"HISTORIA - AM Virgen de la Asunci\u00f3n","robots":{"index":"index","follow":"follow","max-snippet":"max-snippet:-1","max-image-preview":"max-image-preview:large","max-video-preview":"max-video-preview:-1"},"canonical":"https:\/\/amasuncionelche.com\/?page_id=13","og_locale":"es_ES","og_type":"article","og_title":"HISTORIA - AM Virgen de la Asunci\u00f3n","og_url":"https:\/\/amasuncionelche.com\/?page_id=13","og_site_name":"AM Virgen de la Asunci\u00f3n","article_publisher":"https:\/\/www.facebook.com\/people\/A-M-Virgen-Asuncion-De-Elche\/pfbid0ECsUJqZBNvVx5J55AvHthFc5vM7hmTfwcBgAANV8PzXuiTrrqEfbZCQ146PdHqQ3l\/?rdid=cWH2lLxt8BIC9UMp&share_url=httpswww.facebook.comshare19SHQLXWFr","article_modified_time":"2025-09-25T08:00:43+00:00","og_image":[{"width":2560,"height":2112,"url":"https:\/\/amasuncionelche.com\/wp-content\/uploads\/2025\/09\/724A0182-scaled.jpg","type":"image\/jpeg"}],"twitter_card":"summary_large_image","twitter_misc":{"Tiempo de lectura":"5 minutos"},"schema":{"@context":"https:\/\/schema.org","@graph":[{"@type":"WebPage","@id":"https:\/\/amasuncionelche.com\/?page_id=13","url":"https:\/\/amasuncionelche.com\/?page_id=13","name":"HISTORIA - AM Virgen de la Asunci\u00f3n","isPartOf":{"@id":"https:\/\/amasuncionelche.com\/#website"},"primaryImageOfPage":{"@id":"https:\/\/amasuncionelche.com\/?page_id=13#primaryimage"},"image":{"@id":"https:\/\/amasuncionelche.com\/?page_id=13#primaryimage"},"thumbnailUrl":"https:\/\/amasuncionelche.com\/wp-content\/uploads\/2025\/09\/724A0182-1024x845.jpg","datePublished":"2025-09-11T10:51:36+00:00","dateModified":"2025-09-25T08:00:43+00:00","breadcrumb":{"@id":"https:\/\/amasuncionelche.com\/?page_id=13#breadcrumb"},"inLanguage":"es","potentialAction":[{"@type":"ReadAction","target":["https:\/\/amasuncionelche.com\/?page_id=13"]}]},{"@type":"ImageObject","inLanguage":"es","@id":"https:\/\/amasuncionelche.com\/?page_id=13#primaryimage","url":"https:\/\/amasuncionelche.com\/wp-content\/uploads\/2025\/09\/724A0182-scaled.jpg","contentUrl":"https:\/\/amasuncionelche.com\/wp-content\/uploads\/2025\/09\/724A0182-scaled.jpg","width":2560,"height":2112},{"@type":"BreadcrumbList","@id":"https:\/\/amasuncionelche.com\/?page_id=13#breadcrumb","itemListElement":[{"@type":"ListItem","position":1,"name":"Portada","item":"https:\/\/amasuncionelche.com\/"},{"@type":"ListItem","position":2,"name":"HISTORIA"}]},{"@type":"WebSite","@id":"https:\/\/amasuncionelche.com\/#website","url":"https:\/\/amasuncionelche.com\/","name":"AM Virgen de la Asunci\u00f3n","description":"","publisher":{"@id":"https:\/\/amasuncionelche.com\/#organization"},"potentialAction":[{"@type":"SearchAction","target":{"@type":"EntryPoint","urlTemplate":"https:\/\/amasuncionelche.com\/?s={search_term_string}"},"query-input":{"@type":"PropertyValueSpecification","valueRequired":true,"valueName":"search_term_string"}}],"inLanguage":"es"},{"@type":"Organization","@id":"https:\/\/amasuncionelche.com\/#organization","name":"AM Virgen de la Asunci\u00f3n","url":"https:\/\/amasuncionelche.com\/","logo":{"@type":"ImageObject","inLanguage":"es","@id":"https:\/\/amasuncionelche.com\/#\/schema\/logo\/image\/","url":"https:\/\/amasuncionelche.com\/wp-content\/uploads\/2025\/09\/cropped-cropped-ESCUDO-COLOR-SIN-FONDO.png","contentUrl":"https:\/\/amasuncionelche.com\/wp-content\/uploads\/2025\/09\/cropped-cropped-ESCUDO-COLOR-SIN-FONDO.png","width":512,"height":512,"caption":"AM Virgen de la Asunci\u00f3n"},"image":{"@id":"https:\/\/amasuncionelche.com\/#\/schema\/logo\/image\/"},"sameAs":["https:\/\/www.facebook.com\/people\/A-M-Virgen-Asuncion-De-Elche\/pfbid0ECsUJqZBNvVx5J55AvHthFc5vM7hmTfwcBgAANV8PzXuiTrrqEfbZCQ146PdHqQ3l\/?rdid=cWH2lLxt8BIC9UMp&share_url=httpswww.facebook.comshare19SHQLXWFr","https:\/\/www.instagram.com\/asuncionelcheam\/","https:\/\/www.tiktok.com\/@amasuncion?_t=ZN-8zw2Xv5853P&_r=1"]}]}},"_links":{"self":[{"href":"https:\/\/amasuncionelche.com\/index.php?rest_route=\/wp\/v2\/pages\/13","targetHints":{"allow":["GET"]}}],"collection":[{"href":"https:\/\/amasuncionelche.com\/index.php?rest_route=\/wp\/v2\/pages"}],"about":[{"href":"https:\/\/amasuncionelche.com\/index.php?rest_route=\/wp\/v2\/types\/page"}],"author":[{"embeddable":true,"href":"https:\/\/amasuncionelche.com\/index.php?rest_route=\/wp\/v2\/users\/1"}],"replies":[{"embeddable":true,"href":"https:\/\/amasuncionelche.com\/index.php?rest_route=%2Fwp%2Fv2%2Fcomments&post=13"}],"version-history":[{"count":23,"href":"https:\/\/amasuncionelche.com\/index.php?rest_route=\/wp\/v2\/pages\/13\/revisions"}],"predecessor-version":[{"id":380,"href":"https:\/\/amasuncionelche.com\/index.php?rest_route=\/wp\/v2\/pages\/13\/revisions\/380"}],"wp:attachment":[{"href":"https:\/\/amasuncionelche.com\/index.php?rest_route=%2Fwp%2Fv2%2Fmedia&parent=13"}],"curies":[{"name":"wp","href":"https:\/\/api.w.org\/{rel}","templated":true}]}}