{"id":11,"date":"2025-09-11T10:51:36","date_gmt":"2025-09-11T10:51:36","guid":{"rendered":"https:\/\/amasuncionelche.com\/?page_id=11"},"modified":"2025-10-02T09:40:26","modified_gmt":"2025-10-02T09:40:26","slug":"contact","status":"publish","type":"page","link":"https:\/\/amasuncionelche.com\/?page_id=11","title":{"rendered":"CONTACTO"},"content":{"rendered":"\n<div class=\"wp-block-cover alignfull is-light\" style=\"min-height:420px;aspect-ratio:unset;\"><span aria-hidden=\"true\" class=\"wp-block-cover__background has-background-dim-0 has-background-dim\"><\/span><div class=\"wp-block-cover__inner-container is-layout-flow wp-block-cover-is-layout-flow\">\n\n\n<div class=\"wpcf7 no-js\" id=\"wpcf7-f385-o1\" lang=\"es-ES\" dir=\"ltr\" data-wpcf7-id=\"385\">\n<div class=\"screen-reader-response\"><p role=\"status\" aria-live=\"polite\" aria-atomic=\"true\"><\/p> <ul><\/ul><\/div>\n<form action=\"\/index.php?rest_route=%2Fwp%2Fv2%2Fpages%2F11#wpcf7-f385-o1\" method=\"post\" class=\"wpcf7-form init\" aria-label=\"Formulario de contacto\" novalidate=\"novalidate\" data-status=\"init\">\n<fieldset class=\"hidden-fields-container\"><input type=\"hidden\" name=\"_wpcf7\" value=\"385\" \/><input type=\"hidden\" name=\"_wpcf7_version\" value=\"6.1.5\" \/><input type=\"hidden\" name=\"_wpcf7_locale\" value=\"es_ES\" \/><input type=\"hidden\" name=\"_wpcf7_unit_tag\" value=\"wpcf7-f385-o1\" \/><input type=\"hidden\" name=\"_wpcf7_container_post\" value=\"0\" \/><input type=\"hidden\" name=\"_wpcf7_posted_data_hash\" value=\"\" \/>\n<\/fieldset>\n<p><label>Nombre *<\/label><br \/>\n<span class=\"wpcf7-form-control-wrap\" data-name=\"your-name\"><input size=\"40\" maxlength=\"400\" class=\"wpcf7-form-control wpcf7-text wpcf7-validates-as-required\" aria-required=\"true\" aria-invalid=\"false\" value=\"\" type=\"text\" name=\"your-name\" \/><\/span>\n<\/p>\n<p><label>Correo electr\u00f3nico *<\/label><br \/>\n<span class=\"wpcf7-form-control-wrap\" data-name=\"your-email\"><input size=\"40\" maxlength=\"400\" class=\"wpcf7-form-control wpcf7-email wpcf7-validates-as-required wpcf7-text wpcf7-validates-as-email\" aria-required=\"true\" aria-invalid=\"false\" value=\"\" type=\"email\" name=\"your-email\" \/><\/span>\n<\/p>\n<p><label>Tel\u00e9fono<\/label><br \/>\n<span class=\"wpcf7-form-control-wrap\" data-name=\"your-phone\"><input size=\"40\" maxlength=\"400\" class=\"wpcf7-form-control wpcf7-tel wpcf7-text wpcf7-validates-as-tel\" aria-invalid=\"false\" value=\"\" type=\"tel\" name=\"your-phone\" \/><\/span>\n<\/p>\n<p><label>Mensaje *<\/label><br \/>\n<span class=\"wpcf7-form-control-wrap\" data-name=\"your-message\"><textarea cols=\"40\" rows=\"10\" maxlength=\"2000\" class=\"wpcf7-form-control wpcf7-textarea wpcf7-validates-as-required\" aria-required=\"true\" aria-invalid=\"false\" name=\"your-message\"><\/textarea><\/span>\n<\/p>\n<p><span class=\"cf7-legal-text\"><br \/>\nAl enviar este formulario, confirmo que he le\u00eddo y acepto la <a href=\"https:\/\/amasuncionelche.com\/?page_id=3\" target=\"_blank\"     rel=\"noopener\">Pol\u00edtica de Privacidad<\/a><br \/>\ny consiento el tratamiento de mis datos para gestionar mi solicitud y comunicaciones relacionadas.<br \/>\nConozco mis derechos (acceso, rectificaci\u00f3n, supresi\u00f3n, oposici\u00f3n, limitaci\u00f3n y portabilidad) y la posibilidad de retirar el consentimiento.<br \/>\n<\/span>\n<\/p>\n<p><input class=\"wpcf7-form-control wpcf7-submit has-spinner\" type=\"submit\" value=\"Enviar\" \/>\n<\/p><div class=\"wpcf7-response-output\" aria-hidden=\"true\"><\/div>\n<\/form>\n<\/div>\n\n\n\n\n<div style=\"height:80px\" aria-hidden=\"true\" class=\"wp-block-spacer\"><\/div>\n\n\n\n<div class=\"wp-block-columns is-layout-flex wp-container-core-columns-is-layout-9d6595d7 wp-block-columns-is-layout-flex\">\n<div class=\"wp-block-column ticss-f6fc7494 is-layout-flow wp-block-column-is-layout-flow\" style=\"padding-right:var(--wp--preset--spacing--30);padding-left:var(--wp--preset--spacing--30)\">\n<div class=\"wp-block-group has-nv-site-bg-background-color has-background\" style=\"border-radius:24px\"><div class=\"wp-block-group__inner-container is-layout-flow wp-block-group-is-layout-flow\">\n<div style=\"height:24px\" aria-hidden=\"true\" class=\"wp-block-spacer\"><\/div>\n\n\n<div class=\"wp-block-image icon-style is-style-default\">\n<figure class=\"aligncenter size-full\"><img decoding=\"async\" src=\"https:\/\/amasuncionelche.com\/wp-content\/themes\/neve\/assets\/img\/starter-content\/neve-marketing-icon-5.png\" alt=\"\"\/><\/figure>\n<\/div>\n\n\n<div style=\"height:24px\" aria-hidden=\"true\" class=\"wp-block-spacer\"><\/div>\n\n\n\n<h3 class=\"wp-block-heading has-text-align-center has-headings-color has-text-color\">Email<\/h3>\n\n\n\n<p class=\"has-text-align-center has-headings-color has-text-color\" style=\"font-size:15px\">amasuncionelche@gmail.com<\/p>\n\n\n\n<p class=\"has-text-align-center has-headings-color has-text-color\" style=\"font-size:15px\">contacto@amasuncionelche.com<\/p>\n\n\n\n<div style=\"height:24px\" aria-hidden=\"true\" class=\"wp-block-spacer\"><\/div>\n<\/div><\/div>\n<\/div>\n\n\n\n<div class=\"wp-block-column ticss-a5b4df29 is-layout-flow wp-block-column-is-layout-flow\" style=\"padding-right:var(--wp--preset--spacing--30);padding-left:var(--wp--preset--spacing--30)\">\n<div class=\"wp-block-group has-nv-site-bg-background-color has-background\" style=\"border-radius:24px\"><div class=\"wp-block-group__inner-container is-layout-flow wp-block-group-is-layout-flow\">\n<div style=\"height:24px\" aria-hidden=\"true\" class=\"wp-block-spacer\"><\/div>\n\n\n<div class=\"wp-block-image icon-style is-style-default\">\n<figure class=\"aligncenter size-full\"><img decoding=\"async\" src=\"https:\/\/amasuncionelche.com\/wp-content\/themes\/neve\/assets\/img\/starter-content\/neve-marketing-icon-6.png\" alt=\"\"\/><\/figure>\n<\/div>\n\n\n<div style=\"height:24px\" aria-hidden=\"true\" class=\"wp-block-spacer\"><\/div>\n\n\n\n<h3 class=\"wp-block-heading has-text-align-center has-neve-text-color-color has-text-color\">Local de ensayos<\/h3>\n\n\n\n<p class=\"has-text-align-center has-headings-color has-text-color\" style=\"font-size:15px\">Carrer Mon\u00f2ver, 36<\/p>\n\n\n\n<p class=\"has-text-align-center has-headings-color has-text-color\" style=\"font-size:15px\">Pol. Industria de Carr\u00fas &#8211; Elche &#8211;<\/p>\n\n\n\n<div style=\"height:24px\" aria-hidden=\"true\" class=\"wp-block-spacer\"><\/div>\n<\/div><\/div>\n<\/div>\n<\/div>\n\n\n\n<div style=\"height:30px\" aria-hidden=\"true\" class=\"wp-block-spacer\"><\/div>\n\n\n<div class=\"wp-block-image\">\n<figure class=\"aligncenter size-large is-resized\"><img loading=\"lazy\" decoding=\"async\" width=\"629\" height=\"1024\" src=\"https:\/\/amasuncionelche.com\/wp-content\/uploads\/2025\/09\/ESCUDO-COLOR-SIN-FONDO-629x1024.png\" alt=\"\" class=\"wp-image-16\" style=\"width:84px;height:auto\" srcset=\"https:\/\/amasuncionelche.com\/wp-content\/uploads\/2025\/09\/ESCUDO-COLOR-SIN-FONDO-629x1024.png 629w, https:\/\/amasuncionelche.com\/wp-content\/uploads\/2025\/09\/ESCUDO-COLOR-SIN-FONDO-123x200.png 123w, https:\/\/amasuncionelche.com\/wp-content\/uploads\/2025\/09\/ESCUDO-COLOR-SIN-FONDO-184x300.png 184w, https:\/\/amasuncionelche.com\/wp-content\/uploads\/2025\/09\/ESCUDO-COLOR-SIN-FONDO-768x1250.png 768w, https:\/\/amasuncionelche.com\/wp-content\/uploads\/2025\/09\/ESCUDO-COLOR-SIN-FONDO-944x1536.png 944w, https:\/\/amasuncionelche.com\/wp-content\/uploads\/2025\/09\/ESCUDO-COLOR-SIN-FONDO.png 983w\" sizes=\"auto, (max-width: 629px) 100vw, 629px\" \/><\/figure>\n<\/div><\/div><\/div>\n","protected":false},"excerpt":{"rendered":"","protected":false},"author":1,"featured_media":0,"parent":0,"menu_order":0,"comment_status":"closed","ping_status":"closed","template":"","meta":{"footnotes":""},"class_list":["post-11","page","type-page","status-publish","hentry"],"yoast_head":"<!-- This site is optimized with the Yoast SEO plugin v27.4 - https:\/\/yoast.com\/product\/yoast-seo-wordpress\/ -->\n<title>CONTACTO - AM Virgen de la Asunci\u00f3n<\/title>\n<meta name=\"robots\" content=\"index, follow, max-snippet:-1, max-image-preview:large, max-video-preview:-1\" \/>\n<link rel=\"canonical\" href=\"https:\/\/amasuncionelche.com\/?page_id=11\" \/>\n<meta property=\"og:locale\" content=\"es_ES\" \/>\n<meta property=\"og:type\" content=\"article\" \/>\n<meta property=\"og:title\" content=\"CONTACTO - AM Virgen de la Asunci\u00f3n\" \/>\n<meta property=\"og:url\" content=\"https:\/\/amasuncionelche.com\/?page_id=11\" \/>\n<meta property=\"og:site_name\" content=\"AM Virgen de la Asunci\u00f3n\" \/>\n<meta property=\"article:publisher\" content=\"https:\/\/www.facebook.com\/people\/A-M-Virgen-Asuncion-De-Elche\/pfbid0ECsUJqZBNvVx5J55AvHthFc5vM7hmTfwcBgAANV8PzXuiTrrqEfbZCQ146PdHqQ3l\/?rdid=cWH2lLxt8BIC9UMp&amp;share_url=httpswww.facebook.comshare19SHQLXWFr\" \/>\n<meta property=\"article:modified_time\" content=\"2025-10-02T09:40:26+00:00\" \/>\n<meta property=\"og:image\" content=\"https:\/\/amasuncionelche.com\/wp-content\/themes\/neve\/assets\/img\/starter-content\/neve-marketing-icon-5.png\" \/>\n<meta name=\"twitter:card\" content=\"summary_large_image\" \/>\n<meta name=\"twitter:label1\" content=\"Tiempo de lectura\" \/>\n\t<meta name=\"twitter:data1\" content=\"1 minuto\" \/>\n<script type=\"application\/ld+json\" class=\"yoast-schema-graph\">{\"@context\":\"https:\\\/\\\/schema.org\",\"@graph\":[{\"@type\":\"WebPage\",\"@id\":\"https:\\\/\\\/amasuncionelche.com\\\/?page_id=11\",\"url\":\"https:\\\/\\\/amasuncionelche.com\\\/?page_id=11\",\"name\":\"CONTACTO - AM Virgen de la Asunci\u00f3n\",\"isPartOf\":{\"@id\":\"https:\\\/\\\/amasuncionelche.com\\\/#website\"},\"primaryImageOfPage\":{\"@id\":\"https:\\\/\\\/amasuncionelche.com\\\/?page_id=11#primaryimage\"},\"image\":{\"@id\":\"https:\\\/\\\/amasuncionelche.com\\\/?page_id=11#primaryimage\"},\"thumbnailUrl\":\"https:\\\/\\\/amasuncionelche.com\\\/wp-content\\\/themes\\\/neve\\\/assets\\\/img\\\/starter-content\\\/neve-marketing-icon-5.png\",\"datePublished\":\"2025-09-11T10:51:36+00:00\",\"dateModified\":\"2025-10-02T09:40:26+00:00\",\"breadcrumb\":{\"@id\":\"https:\\\/\\\/amasuncionelche.com\\\/?page_id=11#breadcrumb\"},\"inLanguage\":\"es\",\"potentialAction\":[{\"@type\":\"ReadAction\",\"target\":[\"https:\\\/\\\/amasuncionelche.com\\\/?page_id=11\"]}]},{\"@type\":\"ImageObject\",\"inLanguage\":\"es\",\"@id\":\"https:\\\/\\\/amasuncionelche.com\\\/?page_id=11#primaryimage\",\"url\":\"https:\\\/\\\/amasuncionelche.com\\\/wp-content\\\/themes\\\/neve\\\/assets\\\/img\\\/starter-content\\\/neve-marketing-icon-5.png\",\"contentUrl\":\"https:\\\/\\\/amasuncionelche.com\\\/wp-content\\\/themes\\\/neve\\\/assets\\\/img\\\/starter-content\\\/neve-marketing-icon-5.png\"},{\"@type\":\"BreadcrumbList\",\"@id\":\"https:\\\/\\\/amasuncionelche.com\\\/?page_id=11#breadcrumb\",\"itemListElement\":[{\"@type\":\"ListItem\",\"position\":1,\"name\":\"Portada\",\"item\":\"https:\\\/\\\/amasuncionelche.com\\\/\"},{\"@type\":\"ListItem\",\"position\":2,\"name\":\"CONTACTO\"}]},{\"@type\":\"WebSite\",\"@id\":\"https:\\\/\\\/amasuncionelche.com\\\/#website\",\"url\":\"https:\\\/\\\/amasuncionelche.com\\\/\",\"name\":\"AM Virgen de la Asunci\u00f3n\",\"description\":\"\",\"publisher\":{\"@id\":\"https:\\\/\\\/amasuncionelche.com\\\/#organization\"},\"potentialAction\":[{\"@type\":\"SearchAction\",\"target\":{\"@type\":\"EntryPoint\",\"urlTemplate\":\"https:\\\/\\\/amasuncionelche.com\\\/?s={search_term_string}\"},\"query-input\":{\"@type\":\"PropertyValueSpecification\",\"valueRequired\":true,\"valueName\":\"search_term_string\"}}],\"inLanguage\":\"es\"},{\"@type\":\"Organization\",\"@id\":\"https:\\\/\\\/amasuncionelche.com\\\/#organization\",\"name\":\"AM Virgen de la Asunci\u00f3n\",\"url\":\"https:\\\/\\\/amasuncionelche.com\\\/\",\"logo\":{\"@type\":\"ImageObject\",\"inLanguage\":\"es\",\"@id\":\"https:\\\/\\\/amasuncionelche.com\\\/#\\\/schema\\\/logo\\\/image\\\/\",\"url\":\"https:\\\/\\\/amasuncionelche.com\\\/wp-content\\\/uploads\\\/2025\\\/09\\\/cropped-cropped-ESCUDO-COLOR-SIN-FONDO.png\",\"contentUrl\":\"https:\\\/\\\/amasuncionelche.com\\\/wp-content\\\/uploads\\\/2025\\\/09\\\/cropped-cropped-ESCUDO-COLOR-SIN-FONDO.png\",\"width\":512,\"height\":512,\"caption\":\"AM Virgen de la Asunci\u00f3n\"},\"image\":{\"@id\":\"https:\\\/\\\/amasuncionelche.com\\\/#\\\/schema\\\/logo\\\/image\\\/\"},\"sameAs\":[\"https:\\\/\\\/www.facebook.com\\\/people\\\/A-M-Virgen-Asuncion-De-Elche\\\/pfbid0ECsUJqZBNvVx5J55AvHthFc5vM7hmTfwcBgAANV8PzXuiTrrqEfbZCQ146PdHqQ3l\\\/?rdid=cWH2lLxt8BIC9UMp&share_url=httpswww.facebook.comshare19SHQLXWFr\",\"https:\\\/\\\/www.instagram.com\\\/asuncionelcheam\\\/\",\"https:\\\/\\\/www.tiktok.com\\\/@amasuncion?_t=ZN-8zw2Xv5853P&_r=1\"]}]}<\/script>\n<!-- \/ Yoast SEO plugin. -->","yoast_head_json":{"title":"CONTACTO - AM Virgen de la Asunci\u00f3n","robots":{"index":"index","follow":"follow","max-snippet":"max-snippet:-1","max-image-preview":"max-image-preview:large","max-video-preview":"max-video-preview:-1"},"canonical":"https:\/\/amasuncionelche.com\/?page_id=11","og_locale":"es_ES","og_type":"article","og_title":"CONTACTO - AM Virgen de la Asunci\u00f3n","og_url":"https:\/\/amasuncionelche.com\/?page_id=11","og_site_name":"AM Virgen de la Asunci\u00f3n","article_publisher":"https:\/\/www.facebook.com\/people\/A-M-Virgen-Asuncion-De-Elche\/pfbid0ECsUJqZBNvVx5J55AvHthFc5vM7hmTfwcBgAANV8PzXuiTrrqEfbZCQ146PdHqQ3l\/?rdid=cWH2lLxt8BIC9UMp&share_url=httpswww.facebook.comshare19SHQLXWFr","article_modified_time":"2025-10-02T09:40:26+00:00","og_image":[{"url":"https:\/\/amasuncionelche.com\/wp-content\/themes\/neve\/assets\/img\/starter-content\/neve-marketing-icon-5.png","type":"","width":"","height":""}],"twitter_card":"summary_large_image","twitter_misc":{"Tiempo de lectura":"1 minuto"},"schema":{"@context":"https:\/\/schema.org","@graph":[{"@type":"WebPage","@id":"https:\/\/amasuncionelche.com\/?page_id=11","url":"https:\/\/amasuncionelche.com\/?page_id=11","name":"CONTACTO - AM Virgen de la Asunci\u00f3n","isPartOf":{"@id":"https:\/\/amasuncionelche.com\/#website"},"primaryImageOfPage":{"@id":"https:\/\/amasuncionelche.com\/?page_id=11#primaryimage"},"image":{"@id":"https:\/\/amasuncionelche.com\/?page_id=11#primaryimage"},"thumbnailUrl":"https:\/\/amasuncionelche.com\/wp-content\/themes\/neve\/assets\/img\/starter-content\/neve-marketing-icon-5.png","datePublished":"2025-09-11T10:51:36+00:00","dateModified":"2025-10-02T09:40:26+00:00","breadcrumb":{"@id":"https:\/\/amasuncionelche.com\/?page_id=11#breadcrumb"},"inLanguage":"es","potentialAction":[{"@type":"ReadAction","target":["https:\/\/amasuncionelche.com\/?page_id=11"]}]},{"@type":"ImageObject","inLanguage":"es","@id":"https:\/\/amasuncionelche.com\/?page_id=11#primaryimage","url":"https:\/\/amasuncionelche.com\/wp-content\/themes\/neve\/assets\/img\/starter-content\/neve-marketing-icon-5.png","contentUrl":"https:\/\/amasuncionelche.com\/wp-content\/themes\/neve\/assets\/img\/starter-content\/neve-marketing-icon-5.png"},{"@type":"BreadcrumbList","@id":"https:\/\/amasuncionelche.com\/?page_id=11#breadcrumb","itemListElement":[{"@type":"ListItem","position":1,"name":"Portada","item":"https:\/\/amasuncionelche.com\/"},{"@type":"ListItem","position":2,"name":"CONTACTO"}]},{"@type":"WebSite","@id":"https:\/\/amasuncionelche.com\/#website","url":"https:\/\/amasuncionelche.com\/","name":"AM Virgen de la Asunci\u00f3n","description":"","publisher":{"@id":"https:\/\/amasuncionelche.com\/#organization"},"potentialAction":[{"@type":"SearchAction","target":{"@type":"EntryPoint","urlTemplate":"https:\/\/amasuncionelche.com\/?s={search_term_string}"},"query-input":{"@type":"PropertyValueSpecification","valueRequired":true,"valueName":"search_term_string"}}],"inLanguage":"es"},{"@type":"Organization","@id":"https:\/\/amasuncionelche.com\/#organization","name":"AM Virgen de la Asunci\u00f3n","url":"https:\/\/amasuncionelche.com\/","logo":{"@type":"ImageObject","inLanguage":"es","@id":"https:\/\/amasuncionelche.com\/#\/schema\/logo\/image\/","url":"https:\/\/amasuncionelche.com\/wp-content\/uploads\/2025\/09\/cropped-cropped-ESCUDO-COLOR-SIN-FONDO.png","contentUrl":"https:\/\/amasuncionelche.com\/wp-content\/uploads\/2025\/09\/cropped-cropped-ESCUDO-COLOR-SIN-FONDO.png","width":512,"height":512,"caption":"AM Virgen de la Asunci\u00f3n"},"image":{"@id":"https:\/\/amasuncionelche.com\/#\/schema\/logo\/image\/"},"sameAs":["https:\/\/www.facebook.com\/people\/A-M-Virgen-Asuncion-De-Elche\/pfbid0ECsUJqZBNvVx5J55AvHthFc5vM7hmTfwcBgAANV8PzXuiTrrqEfbZCQ146PdHqQ3l\/?rdid=cWH2lLxt8BIC9UMp&share_url=httpswww.facebook.comshare19SHQLXWFr","https:\/\/www.instagram.com\/asuncionelcheam\/","https:\/\/www.tiktok.com\/@amasuncion?_t=ZN-8zw2Xv5853P&_r=1"]}]}},"_links":{"self":[{"href":"https:\/\/amasuncionelche.com\/index.php?rest_route=\/wp\/v2\/pages\/11","targetHints":{"allow":["GET"]}}],"collection":[{"href":"https:\/\/amasuncionelche.com\/index.php?rest_route=\/wp\/v2\/pages"}],"about":[{"href":"https:\/\/amasuncionelche.com\/index.php?rest_route=\/wp\/v2\/types\/page"}],"author":[{"embeddable":true,"href":"https:\/\/amasuncionelche.com\/index.php?rest_route=\/wp\/v2\/users\/1"}],"replies":[{"embeddable":true,"href":"https:\/\/amasuncionelche.com\/index.php?rest_route=%2Fwp%2Fv2%2Fcomments&post=11"}],"version-history":[{"count":19,"href":"https:\/\/amasuncionelche.com\/index.php?rest_route=\/wp\/v2\/pages\/11\/revisions"}],"predecessor-version":[{"id":400,"href":"https:\/\/amasuncionelche.com\/index.php?rest_route=\/wp\/v2\/pages\/11\/revisions\/400"}],"wp:attachment":[{"href":"https:\/\/amasuncionelche.com\/index.php?rest_route=%2Fwp%2Fv2%2Fmedia&parent=11"}],"curies":[{"name":"wp","href":"https:\/\/api.w.org\/{rel}","templated":true}]}}