{"id":10,"date":"2025-09-11T10:51:36","date_gmt":"2025-09-11T10:51:36","guid":{"rendered":"https:\/\/amasuncionelche.com\/?page_id=10"},"modified":"2025-09-22T10:37:43","modified_gmt":"2025-09-22T10:37:43","slug":"acerca-de","status":"publish","type":"page","link":"https:\/\/amasuncionelche.com\/?page_id=10","title":{"rendered":"QUIENES SOMOS"},"content":{"rendered":"\n<div class=\"wp-block-cover alignfull\" style=\"min-height:272px;aspect-ratio:unset;\"><span aria-hidden=\"true\" class=\"wp-block-cover__background has-nv-site-bg-background-color has-background-dim-100 has-background-dim\"><\/span><div class=\"wp-block-cover__inner-container is-layout-flow wp-block-cover-is-layout-flow\">\n<div class=\"wp-block-group\" style=\"padding-right:var(--wp--preset--spacing--30);padding-left:var(--wp--preset--spacing--30)\"><div class=\"wp-block-group__inner-container is-layout-flow wp-block-group-is-layout-flow\">\n<h1 class=\"wp-block-heading has-text-align-left has-neve-text-color-color has-text-color\"><\/h1>\n\n\n\n<p class=\"has-headings-color has-text-color has-link-color wp-elements-b8a43c5914558c70d84cff470533c6f5\">La <strong>Agrupaci\u00f3n Musical Virgen de la Asunci\u00f3n<\/strong> nace del sue\u00f1o compartido de un grupo de <strong>j\u00f3venes amantes de la m\u00fasica cofrade<\/strong>, convencidos de que <strong>Elche<\/strong> necesitaba una formaci\u00f3n de este estilo. Con trabajo, dedicaci\u00f3n y mucha ilusi\u00f3n, dimos forma a este proyecto que hoy es una realidad.<\/p>\n\n\n\n<p class=\"has-headings-color has-text-color has-link-color wp-elements-20fac3a4349615e3554c33f8afe36a04\">As\u00ed surgi\u00f3 la <strong>Asociaci\u00f3n Musical y Cultural Virgen de la Asunci\u00f3n de Elche<\/strong>, tambi\u00e9n conocida como <strong>AM Virgen de la Asunci\u00f3n<\/strong>: la <strong>primera agrupaci\u00f3n musical de este estilo en la ciudad<\/strong>, con identidad propia, rumbo claro y muchas ganas de seguir creciendo.<\/p>\n<\/div><\/div>\n<\/div><\/div>\n\n\n\n<div class=\"wp-block-cover alignfull\" style=\"min-height:541px;aspect-ratio:unset;\"><span aria-hidden=\"true\" class=\"wp-block-cover__background has-nv-light-bg-background-color has-background-dim-100 has-background-dim\"><\/span><div class=\"wp-block-cover__inner-container is-layout-flow wp-block-cover-is-layout-flow\">\n<div class=\"wp-block-group\"><div class=\"wp-block-group__inner-container is-layout-flow wp-block-group-is-layout-flow\">\n<div class=\"wp-block-columns are-vertically-aligned-center has-neve-text-color-color has-text-color is-layout-flex wp-container-core-columns-is-layout-9d6595d7 wp-block-columns-is-layout-flex\">\n<div class=\"wp-block-column is-vertically-aligned-center is-layout-flow wp-block-column-is-layout-flow\" style=\"padding-right:var(--wp--preset--spacing--30);padding-left:var(--wp--preset--spacing--30);flex-basis:50%\"><div class=\"wp-block-image\">\n<figure class=\"aligncenter size-full has-custom-border\"><img loading=\"lazy\" decoding=\"async\" width=\"2560\" height=\"1707\" src=\"https:\/\/amasuncionelche.com\/wp-content\/uploads\/2025\/09\/724A9747-scaled.jpg\" alt=\"\" class=\"wp-image-90\" style=\"border-radius:16px;object-fit:cover\" srcset=\"https:\/\/amasuncionelche.com\/wp-content\/uploads\/2025\/09\/724A9747-scaled.jpg 2560w, https:\/\/amasuncionelche.com\/wp-content\/uploads\/2025\/09\/724A9747-2048x1365.jpg 2048w, https:\/\/amasuncionelche.com\/wp-content\/uploads\/2025\/09\/724A9747-300x200.jpg 300w, https:\/\/amasuncionelche.com\/wp-content\/uploads\/2025\/09\/724A9747-768x512.jpg 768w, https:\/\/amasuncionelche.com\/wp-content\/uploads\/2025\/09\/724A9747-1024x683.jpg 1024w, https:\/\/amasuncionelche.com\/wp-content\/uploads\/2025\/09\/724A9747-1536x1024.jpg 1536w\" sizes=\"auto, (max-width: 2560px) 100vw, 2560px\" \/><\/figure>\n<\/div><\/div>\n\n\n\n<div class=\"wp-block-column is-vertically-aligned-center is-layout-flow wp-block-column-is-layout-flow\" style=\"padding-top:0;padding-right:var(--wp--preset--spacing--30);padding-bottom:0;padding-left:var(--wp--preset--spacing--30);flex-basis:50%\">\n<h2 class=\"wp-block-heading has-headings-color has-text-color\">Nuestros Valores<\/h2>\n\n\n\n<p class=\"has-headings-color has-text-color has-link-color wp-elements-9bcd1d401a4c59d51c1778f2ef0ae835\">Desde el primer d\u00eda, la agrupaci\u00f3n se ha sostenido sobre unos pilares muy claros:<\/p>\n\n\n\n<ul class=\"wp-block-list\">\n<li class=\"has-headings-color has-text-color has-link-color wp-elements-5a118c36af88413199eab7ae0d605725\">\ud83e\udd1d <strong>Compa\u00f1erismo<\/strong><\/li>\n\n\n\n<li class=\"has-headings-color has-text-color has-link-color wp-elements-57da40b7840c882745f470ac91378915\">\ud83c\udfaf <strong>Compromiso<\/strong><\/li>\n\n\n\n<li class=\"has-headings-color has-text-color has-link-color wp-elements-faa25de64562c8b7a4bb752354de52ca\">\ud83c\udfba <strong>Tradici\u00f3n musical cofrade<\/strong><\/li>\n\n\n\n<li class=\"has-headings-color has-text-color has-link-color wp-elements-c041fe41a986dc4c3d938695091dedf2\">\ud83d\udcda <strong>Formaci\u00f3n y ense\u00f1anza<\/strong><\/li>\n<\/ul>\n\n\n\n<p class=\"has-headings-color has-text-color\">Creemos que la m\u00fasica debe ser <strong>accesible para todos<\/strong>. Por eso, ofrecemos <strong>formaci\u00f3n musical gratuita<\/strong> a quienes deseen aprender y formar parte de esta gran familia. Ense\u00f1amos desde cero, ayudamos a descubrir instrumentos y formamos a los futuros m\u00fasicos de nuestra agrupaci\u00f3n.<\/p>\n<\/div>\n<\/div>\n<\/div><\/div>\n<\/div><\/div>\n\n\n\n<div class=\"wp-block-cover alignfull\" style=\"min-height:600px;aspect-ratio:unset;\"><span aria-hidden=\"true\" class=\"wp-block-cover__background has-nv-dark-bg-background-color has-background-dim-100 has-background-dim\"><\/span><div class=\"wp-block-cover__inner-container is-layout-flow wp-block-cover-is-layout-flow\">\n<div class=\"wp-block-group has-headings-color has-text-color has-link-color wp-elements-802c0dcb99883750fb1d1cdfb04daa71\"><div class=\"wp-block-group__inner-container is-layout-flow wp-block-group-is-layout-flow\">\n<div class=\"wp-block-columns are-vertically-aligned-center is-layout-flex wp-container-core-columns-is-layout-9d6595d7 wp-block-columns-is-layout-flex\">\n<div class=\"wp-block-column is-vertically-aligned-center is-layout-flow wp-block-column-is-layout-flow\" style=\"padding-right:var(--wp--preset--spacing--30);padding-left:var(--wp--preset--spacing--30);flex-basis:50%\">\n<p>Una Formaci\u00f3n Independiente y con Futuro<\/p>\n\n\n\n<p class=\"has-headings-color has-text-color has-link-color wp-elements-02d0ff86a1e638ff6d47ffa3e2534f47\">Somos una <strong>formaci\u00f3n independiente<\/strong>, con capacidad de decisi\u00f3n y organizaci\u00f3n. Contamos con una <strong>junta directiva activa<\/strong> que, junto al <strong>director musical Jos\u00e9 Torres Rodr\u00edguez<\/strong>, impulsa proyectos y coordina el d\u00eda a d\u00eda de la agrupaci\u00f3n.<\/p>\n\n\n\n<p class=\"has-headings-color has-text-color has-link-color wp-elements-0421dee594c7c753e0cf70c3267e545f\">Nuestros m\u00fasicos son, en su mayor\u00eda, <strong>j\u00f3venes con pasi\u00f3n por la m\u00fasica procesional<\/strong>, que encuentran aqu\u00ed un espacio para disfrutar, aprender y compartir. Apostamos por el <strong>crecimiento personal y musical<\/strong> de cada componente, sin perder nunca la esencia de grupo.<\/p>\n\n\n\n<div style=\"height:42px\" aria-hidden=\"true\" class=\"wp-block-spacer\"><\/div>\n<\/div>\n\n\n\n<div class=\"wp-block-column is-vertically-aligned-center is-layout-flow wp-block-column-is-layout-flow\" style=\"padding-right:var(--wp--preset--spacing--30);padding-left:var(--wp--preset--spacing--30);flex-basis:50%\"><div class=\"wp-block-image\">\n<figure class=\"aligncenter size-full is-resized has-custom-border\"><img loading=\"lazy\" decoding=\"async\" width=\"1707\" height=\"2560\" src=\"https:\/\/amasuncionelche.com\/wp-content\/uploads\/2025\/09\/724A7718-scaled.jpg\" alt=\"\" class=\"wp-image-83\" style=\"border-radius:16px;width:311px;height:auto\" srcset=\"https:\/\/amasuncionelche.com\/wp-content\/uploads\/2025\/09\/724A7718-scaled.jpg 1707w, https:\/\/amasuncionelche.com\/wp-content\/uploads\/2025\/09\/724A7718-1365x2048.jpg 1365w, https:\/\/amasuncionelche.com\/wp-content\/uploads\/2025\/09\/724A7718-200x300.jpg 200w, https:\/\/amasuncionelche.com\/wp-content\/uploads\/2025\/09\/724A7718-768x1152.jpg 768w, https:\/\/amasuncionelche.com\/wp-content\/uploads\/2025\/09\/724A7718-683x1024.jpg 683w, https:\/\/amasuncionelche.com\/wp-content\/uploads\/2025\/09\/724A7718-1024x1536.jpg 1024w, https:\/\/amasuncionelche.com\/wp-content\/uploads\/2025\/09\/724A7718-133x200.jpg 133w\" sizes=\"auto, (max-width: 1707px) 100vw, 1707px\" \/><\/figure>\n<\/div><\/div>\n<\/div>\n\n\n\n<div class=\"wp-block-columns are-vertically-aligned-center has-neve-text-color-color has-text-color is-layout-flex wp-container-core-columns-is-layout-9d6595d7 wp-block-columns-is-layout-flex\">\n<div class=\"wp-block-column is-vertically-aligned-center is-layout-flow wp-block-column-is-layout-flow\" style=\"padding-right:var(--wp--preset--spacing--30);padding-left:var(--wp--preset--spacing--30);flex-basis:50%\">\n<figure class=\"wp-block-image size-full has-custom-border\"><img loading=\"lazy\" decoding=\"async\" width=\"1600\" height=\"720\" src=\"https:\/\/amasuncionelche.com\/wp-content\/uploads\/2025\/09\/WhatsApp-Image-2025-09-12-at-18.04.33.jpeg\" alt=\"\" class=\"wp-image-95\" style=\"border-radius:16px\" srcset=\"https:\/\/amasuncionelche.com\/wp-content\/uploads\/2025\/09\/WhatsApp-Image-2025-09-12-at-18.04.33.jpeg 1600w, https:\/\/amasuncionelche.com\/wp-content\/uploads\/2025\/09\/WhatsApp-Image-2025-09-12-at-18.04.33-300x135.jpeg 300w, https:\/\/amasuncionelche.com\/wp-content\/uploads\/2025\/09\/WhatsApp-Image-2025-09-12-at-18.04.33-768x346.jpeg 768w, https:\/\/amasuncionelche.com\/wp-content\/uploads\/2025\/09\/WhatsApp-Image-2025-09-12-at-18.04.33-1024x461.jpeg 1024w, https:\/\/amasuncionelche.com\/wp-content\/uploads\/2025\/09\/WhatsApp-Image-2025-09-12-at-18.04.33-1536x691.jpeg 1536w, https:\/\/amasuncionelche.com\/wp-content\/uploads\/2025\/09\/WhatsApp-Image-2025-09-12-at-18.04.33-444x200.jpeg 444w\" sizes=\"auto, (max-width: 1600px) 100vw, 1600px\" \/><\/figure>\n<\/div>\n\n\n\n<div class=\"wp-block-column is-vertically-aligned-center is-layout-flow wp-block-column-is-layout-flow\" style=\"padding-top:0;padding-right:var(--wp--preset--spacing--30);padding-bottom:0;padding-left:var(--wp--preset--spacing--30);flex-basis:50%\">\n<h2 class=\"wp-block-heading has-headings-color has-text-color\">Nuestros Objetivos<\/h2>\n\n\n\n<p class=\"has-headings-color has-text-color has-link-color wp-elements-62202ad6c834bb111d93952783d0ea7f\">En la <strong>AM Virgen de la Asunci\u00f3n<\/strong>, trabajamos con metas claras:<\/p>\n\n\n\n<ul class=\"wp-block-list\">\n<li class=\"has-headings-color has-text-color has-link-color wp-elements-3615019ebca40824b162fab6091eb948\">Elevar el <strong>nivel musical<\/strong> de la formaci\u00f3n y de cada componente.<\/li>\n\n\n\n<li class=\"has-headings-color has-text-color has-link-color wp-elements-e4cb5bab9b2ceebab8269fd8c2478f77\">Convertirnos en un <strong>referente musical en Elche y su entorno<\/strong>.<\/li>\n\n\n\n<li class=\"has-headings-color has-text-color has-link-color wp-elements-9607d6f8f870a7224f40548ad794ed53\">Participar en <strong>procesiones, cert\u00e1menes y actos culturales<\/strong> cada vez m\u00e1s destacados.<\/li>\n<\/ul>\n\n\n\n<p class=\"has-headings-color has-text-color\">Disponemos de <strong>nuestro propio local de ensayo<\/strong>, situado en el <strong>pol\u00edgono de Carr\u00fas<\/strong>, un espacio donde ensayamos, impartimos formaci\u00f3n y compartimos vivencias como agrupaci\u00f3n.<\/p>\n<\/div>\n<\/div>\n\n\n\n<div class=\"wp-block-columns are-vertically-aligned-center has-neve-text-color-color has-text-color is-layout-flex wp-container-core-columns-is-layout-9d6595d7 wp-block-columns-is-layout-flex\">\n<div class=\"wp-block-column is-vertically-aligned-center is-layout-flow wp-block-column-is-layout-flow\" style=\"padding-top:0;padding-right:var(--wp--preset--spacing--30);padding-bottom:0;padding-left:var(--wp--preset--spacing--30);flex-basis:50%\">\n<h2 class=\"wp-block-heading has-headings-color has-text-color\">\u00a1\u00danete a Nuestra Agrupaci\u00f3n!<\/h2>\n\n\n\n<p class=\"has-headings-color has-text-color\">En la AM Virgen de la Asunci\u00f3n <strong>te formamos, te acompa\u00f1amos y te damos la bienvenida<\/strong> para que formes parte de una agrupaci\u00f3n con coraz\u00f3n, compromiso y un gran futuro por delante.<\/p>\n\n\n\n<p class=\"has-headings-color has-text-color has-link-color wp-elements-ffa8ad17d778cff56a5ad52ff07ebcb4\">\ud83c\udfb6 <em>Si sientes la llamada de la m\u00fasica cofrade, si alguna vez te lo has planteado pero no te has atrevido\u2026 este es tu momento.<\/em><\/p>\n<\/div>\n\n\n\n<div class=\"wp-block-column is-vertically-aligned-center is-layout-flow wp-block-column-is-layout-flow\" style=\"padding-right:var(--wp--preset--spacing--30);padding-left:var(--wp--preset--spacing--30);flex-basis:50%\">\n<p><\/p>\n\n\n\n<p><\/p>\n\n\n<div class=\"wp-block-image\">\n<figure class=\"aligncenter size-full has-custom-border\"><img loading=\"lazy\" decoding=\"async\" width=\"2560\" height=\"1707\" src=\"https:\/\/amasuncionelche.com\/wp-content\/uploads\/2025\/09\/724A0108-scaled.jpg\" alt=\"\" class=\"wp-image-103\" style=\"border-radius:16px\" srcset=\"https:\/\/amasuncionelche.com\/wp-content\/uploads\/2025\/09\/724A0108-scaled.jpg 2560w, https:\/\/amasuncionelche.com\/wp-content\/uploads\/2025\/09\/724A0108-2048x1365.jpg 2048w, https:\/\/amasuncionelche.com\/wp-content\/uploads\/2025\/09\/724A0108-300x200.jpg 300w, https:\/\/amasuncionelche.com\/wp-content\/uploads\/2025\/09\/724A0108-768x512.jpg 768w, https:\/\/amasuncionelche.com\/wp-content\/uploads\/2025\/09\/724A0108-1024x683.jpg 1024w, https:\/\/amasuncionelche.com\/wp-content\/uploads\/2025\/09\/724A0108-1536x1024.jpg 1536w\" sizes=\"auto, (max-width: 2560px) 100vw, 2560px\" \/><\/figure>\n<\/div><\/div>\n<\/div>\n<\/div><\/div>\n<\/div><\/div>\n\n\n<div class=\"wp-block-image\">\n<figure class=\"aligncenter size-full is-resized\"><img loading=\"lazy\" decoding=\"async\" width=\"983\" height=\"1600\" src=\"https:\/\/amasuncionelche.com\/wp-content\/uploads\/2025\/09\/ESCUDO-COLOR-SIN-FONDO.png\" alt=\"\" class=\"wp-image-16\" style=\"width:98px;height:auto\" srcset=\"https:\/\/amasuncionelche.com\/wp-content\/uploads\/2025\/09\/ESCUDO-COLOR-SIN-FONDO.png 983w, https:\/\/amasuncionelche.com\/wp-content\/uploads\/2025\/09\/ESCUDO-COLOR-SIN-FONDO-123x200.png 123w, https:\/\/amasuncionelche.com\/wp-content\/uploads\/2025\/09\/ESCUDO-COLOR-SIN-FONDO-184x300.png 184w, https:\/\/amasuncionelche.com\/wp-content\/uploads\/2025\/09\/ESCUDO-COLOR-SIN-FONDO-768x1250.png 768w, https:\/\/amasuncionelche.com\/wp-content\/uploads\/2025\/09\/ESCUDO-COLOR-SIN-FONDO-629x1024.png 629w, https:\/\/amasuncionelche.com\/wp-content\/uploads\/2025\/09\/ESCUDO-COLOR-SIN-FONDO-944x1536.png 944w\" sizes=\"auto, (max-width: 983px) 100vw, 983px\" \/><\/figure>\n<\/div>\n\n\n<p><\/p>\n","protected":false},"excerpt":{"rendered":"","protected":false},"author":1,"featured_media":0,"parent":0,"menu_order":0,"comment_status":"closed","ping_status":"closed","template":"","meta":{"footnotes":""},"class_list":["post-10","page","type-page","status-publish","hentry"],"yoast_head":"<!-- This site is optimized with the Yoast SEO plugin v27.4 - https:\/\/yoast.com\/product\/yoast-seo-wordpress\/ -->\n<title>QUIENES SOMOS - AM Virgen de la Asunci\u00f3n<\/title>\n<meta name=\"robots\" content=\"index, follow, max-snippet:-1, max-image-preview:large, max-video-preview:-1\" \/>\n<link rel=\"canonical\" href=\"https:\/\/amasuncionelche.com\/?page_id=10\" \/>\n<meta property=\"og:locale\" content=\"es_ES\" \/>\n<meta property=\"og:type\" content=\"article\" \/>\n<meta property=\"og:title\" content=\"QUIENES SOMOS - AM Virgen de la Asunci\u00f3n\" \/>\n<meta property=\"og:url\" content=\"https:\/\/amasuncionelche.com\/?page_id=10\" \/>\n<meta property=\"og:site_name\" content=\"AM Virgen de la Asunci\u00f3n\" \/>\n<meta property=\"article:publisher\" content=\"https:\/\/www.facebook.com\/people\/A-M-Virgen-Asuncion-De-Elche\/pfbid0ECsUJqZBNvVx5J55AvHthFc5vM7hmTfwcBgAANV8PzXuiTrrqEfbZCQ146PdHqQ3l\/?rdid=cWH2lLxt8BIC9UMp&amp;share_url=httpswww.facebook.comshare19SHQLXWFr\" \/>\n<meta property=\"article:modified_time\" content=\"2025-09-22T10:37:43+00:00\" \/>\n<meta property=\"og:image\" content=\"https:\/\/amasuncionelche.com\/wp-content\/uploads\/2025\/09\/724A9747-scaled.jpg\" \/>\n\t<meta property=\"og:image:width\" content=\"2560\" \/>\n\t<meta property=\"og:image:height\" content=\"1707\" \/>\n\t<meta property=\"og:image:type\" content=\"image\/jpeg\" \/>\n<meta name=\"twitter:card\" content=\"summary_large_image\" \/>\n<meta name=\"twitter:label1\" content=\"Tiempo de lectura\" \/>\n\t<meta name=\"twitter:data1\" content=\"3 minutos\" \/>\n<script type=\"application\/ld+json\" class=\"yoast-schema-graph\">{\"@context\":\"https:\\\/\\\/schema.org\",\"@graph\":[{\"@type\":\"WebPage\",\"@id\":\"https:\\\/\\\/amasuncionelche.com\\\/?page_id=10\",\"url\":\"https:\\\/\\\/amasuncionelche.com\\\/?page_id=10\",\"name\":\"QUIENES SOMOS - AM Virgen de la Asunci\u00f3n\",\"isPartOf\":{\"@id\":\"https:\\\/\\\/amasuncionelche.com\\\/#website\"},\"primaryImageOfPage\":{\"@id\":\"https:\\\/\\\/amasuncionelche.com\\\/?page_id=10#primaryimage\"},\"image\":{\"@id\":\"https:\\\/\\\/amasuncionelche.com\\\/?page_id=10#primaryimage\"},\"thumbnailUrl\":\"https:\\\/\\\/amasuncionelche.com\\\/wp-content\\\/uploads\\\/2025\\\/09\\\/724A9747-scaled.jpg\",\"datePublished\":\"2025-09-11T10:51:36+00:00\",\"dateModified\":\"2025-09-22T10:37:43+00:00\",\"breadcrumb\":{\"@id\":\"https:\\\/\\\/amasuncionelche.com\\\/?page_id=10#breadcrumb\"},\"inLanguage\":\"es\",\"potentialAction\":[{\"@type\":\"ReadAction\",\"target\":[\"https:\\\/\\\/amasuncionelche.com\\\/?page_id=10\"]}]},{\"@type\":\"ImageObject\",\"inLanguage\":\"es\",\"@id\":\"https:\\\/\\\/amasuncionelche.com\\\/?page_id=10#primaryimage\",\"url\":\"https:\\\/\\\/amasuncionelche.com\\\/wp-content\\\/uploads\\\/2025\\\/09\\\/724A9747-scaled.jpg\",\"contentUrl\":\"https:\\\/\\\/amasuncionelche.com\\\/wp-content\\\/uploads\\\/2025\\\/09\\\/724A9747-scaled.jpg\",\"width\":2560,\"height\":1707},{\"@type\":\"BreadcrumbList\",\"@id\":\"https:\\\/\\\/amasuncionelche.com\\\/?page_id=10#breadcrumb\",\"itemListElement\":[{\"@type\":\"ListItem\",\"position\":1,\"name\":\"Portada\",\"item\":\"https:\\\/\\\/amasuncionelche.com\\\/\"},{\"@type\":\"ListItem\",\"position\":2,\"name\":\"QUIENES SOMOS\"}]},{\"@type\":\"WebSite\",\"@id\":\"https:\\\/\\\/amasuncionelche.com\\\/#website\",\"url\":\"https:\\\/\\\/amasuncionelche.com\\\/\",\"name\":\"AM Virgen de la Asunci\u00f3n\",\"description\":\"\",\"publisher\":{\"@id\":\"https:\\\/\\\/amasuncionelche.com\\\/#organization\"},\"potentialAction\":[{\"@type\":\"SearchAction\",\"target\":{\"@type\":\"EntryPoint\",\"urlTemplate\":\"https:\\\/\\\/amasuncionelche.com\\\/?s={search_term_string}\"},\"query-input\":{\"@type\":\"PropertyValueSpecification\",\"valueRequired\":true,\"valueName\":\"search_term_string\"}}],\"inLanguage\":\"es\"},{\"@type\":\"Organization\",\"@id\":\"https:\\\/\\\/amasuncionelche.com\\\/#organization\",\"name\":\"AM Virgen de la Asunci\u00f3n\",\"url\":\"https:\\\/\\\/amasuncionelche.com\\\/\",\"logo\":{\"@type\":\"ImageObject\",\"inLanguage\":\"es\",\"@id\":\"https:\\\/\\\/amasuncionelche.com\\\/#\\\/schema\\\/logo\\\/image\\\/\",\"url\":\"https:\\\/\\\/amasuncionelche.com\\\/wp-content\\\/uploads\\\/2025\\\/09\\\/cropped-cropped-ESCUDO-COLOR-SIN-FONDO.png\",\"contentUrl\":\"https:\\\/\\\/amasuncionelche.com\\\/wp-content\\\/uploads\\\/2025\\\/09\\\/cropped-cropped-ESCUDO-COLOR-SIN-FONDO.png\",\"width\":512,\"height\":512,\"caption\":\"AM Virgen de la Asunci\u00f3n\"},\"image\":{\"@id\":\"https:\\\/\\\/amasuncionelche.com\\\/#\\\/schema\\\/logo\\\/image\\\/\"},\"sameAs\":[\"https:\\\/\\\/www.facebook.com\\\/people\\\/A-M-Virgen-Asuncion-De-Elche\\\/pfbid0ECsUJqZBNvVx5J55AvHthFc5vM7hmTfwcBgAANV8PzXuiTrrqEfbZCQ146PdHqQ3l\\\/?rdid=cWH2lLxt8BIC9UMp&share_url=httpswww.facebook.comshare19SHQLXWFr\",\"https:\\\/\\\/www.instagram.com\\\/asuncionelcheam\\\/\",\"https:\\\/\\\/www.tiktok.com\\\/@amasuncion?_t=ZN-8zw2Xv5853P&_r=1\"]}]}<\/script>\n<!-- \/ Yoast SEO plugin. -->","yoast_head_json":{"title":"QUIENES SOMOS - AM Virgen de la Asunci\u00f3n","robots":{"index":"index","follow":"follow","max-snippet":"max-snippet:-1","max-image-preview":"max-image-preview:large","max-video-preview":"max-video-preview:-1"},"canonical":"https:\/\/amasuncionelche.com\/?page_id=10","og_locale":"es_ES","og_type":"article","og_title":"QUIENES SOMOS - AM Virgen de la Asunci\u00f3n","og_url":"https:\/\/amasuncionelche.com\/?page_id=10","og_site_name":"AM Virgen de la Asunci\u00f3n","article_publisher":"https:\/\/www.facebook.com\/people\/A-M-Virgen-Asuncion-De-Elche\/pfbid0ECsUJqZBNvVx5J55AvHthFc5vM7hmTfwcBgAANV8PzXuiTrrqEfbZCQ146PdHqQ3l\/?rdid=cWH2lLxt8BIC9UMp&share_url=httpswww.facebook.comshare19SHQLXWFr","article_modified_time":"2025-09-22T10:37:43+00:00","og_image":[{"width":2560,"height":1707,"url":"https:\/\/amasuncionelche.com\/wp-content\/uploads\/2025\/09\/724A9747-scaled.jpg","type":"image\/jpeg"}],"twitter_card":"summary_large_image","twitter_misc":{"Tiempo de lectura":"3 minutos"},"schema":{"@context":"https:\/\/schema.org","@graph":[{"@type":"WebPage","@id":"https:\/\/amasuncionelche.com\/?page_id=10","url":"https:\/\/amasuncionelche.com\/?page_id=10","name":"QUIENES SOMOS - AM Virgen de la Asunci\u00f3n","isPartOf":{"@id":"https:\/\/amasuncionelche.com\/#website"},"primaryImageOfPage":{"@id":"https:\/\/amasuncionelche.com\/?page_id=10#primaryimage"},"image":{"@id":"https:\/\/amasuncionelche.com\/?page_id=10#primaryimage"},"thumbnailUrl":"https:\/\/amasuncionelche.com\/wp-content\/uploads\/2025\/09\/724A9747-scaled.jpg","datePublished":"2025-09-11T10:51:36+00:00","dateModified":"2025-09-22T10:37:43+00:00","breadcrumb":{"@id":"https:\/\/amasuncionelche.com\/?page_id=10#breadcrumb"},"inLanguage":"es","potentialAction":[{"@type":"ReadAction","target":["https:\/\/amasuncionelche.com\/?page_id=10"]}]},{"@type":"ImageObject","inLanguage":"es","@id":"https:\/\/amasuncionelche.com\/?page_id=10#primaryimage","url":"https:\/\/amasuncionelche.com\/wp-content\/uploads\/2025\/09\/724A9747-scaled.jpg","contentUrl":"https:\/\/amasuncionelche.com\/wp-content\/uploads\/2025\/09\/724A9747-scaled.jpg","width":2560,"height":1707},{"@type":"BreadcrumbList","@id":"https:\/\/amasuncionelche.com\/?page_id=10#breadcrumb","itemListElement":[{"@type":"ListItem","position":1,"name":"Portada","item":"https:\/\/amasuncionelche.com\/"},{"@type":"ListItem","position":2,"name":"QUIENES SOMOS"}]},{"@type":"WebSite","@id":"https:\/\/amasuncionelche.com\/#website","url":"https:\/\/amasuncionelche.com\/","name":"AM Virgen de la Asunci\u00f3n","description":"","publisher":{"@id":"https:\/\/amasuncionelche.com\/#organization"},"potentialAction":[{"@type":"SearchAction","target":{"@type":"EntryPoint","urlTemplate":"https:\/\/amasuncionelche.com\/?s={search_term_string}"},"query-input":{"@type":"PropertyValueSpecification","valueRequired":true,"valueName":"search_term_string"}}],"inLanguage":"es"},{"@type":"Organization","@id":"https:\/\/amasuncionelche.com\/#organization","name":"AM Virgen de la Asunci\u00f3n","url":"https:\/\/amasuncionelche.com\/","logo":{"@type":"ImageObject","inLanguage":"es","@id":"https:\/\/amasuncionelche.com\/#\/schema\/logo\/image\/","url":"https:\/\/amasuncionelche.com\/wp-content\/uploads\/2025\/09\/cropped-cropped-ESCUDO-COLOR-SIN-FONDO.png","contentUrl":"https:\/\/amasuncionelche.com\/wp-content\/uploads\/2025\/09\/cropped-cropped-ESCUDO-COLOR-SIN-FONDO.png","width":512,"height":512,"caption":"AM Virgen de la Asunci\u00f3n"},"image":{"@id":"https:\/\/amasuncionelche.com\/#\/schema\/logo\/image\/"},"sameAs":["https:\/\/www.facebook.com\/people\/A-M-Virgen-Asuncion-De-Elche\/pfbid0ECsUJqZBNvVx5J55AvHthFc5vM7hmTfwcBgAANV8PzXuiTrrqEfbZCQ146PdHqQ3l\/?rdid=cWH2lLxt8BIC9UMp&share_url=httpswww.facebook.comshare19SHQLXWFr","https:\/\/www.instagram.com\/asuncionelcheam\/","https:\/\/www.tiktok.com\/@amasuncion?_t=ZN-8zw2Xv5853P&_r=1"]}]}},"_links":{"self":[{"href":"https:\/\/amasuncionelche.com\/index.php?rest_route=\/wp\/v2\/pages\/10","targetHints":{"allow":["GET"]}}],"collection":[{"href":"https:\/\/amasuncionelche.com\/index.php?rest_route=\/wp\/v2\/pages"}],"about":[{"href":"https:\/\/amasuncionelche.com\/index.php?rest_route=\/wp\/v2\/types\/page"}],"author":[{"embeddable":true,"href":"https:\/\/amasuncionelche.com\/index.php?rest_route=\/wp\/v2\/users\/1"}],"replies":[{"embeddable":true,"href":"https:\/\/amasuncionelche.com\/index.php?rest_route=%2Fwp%2Fv2%2Fcomments&post=10"}],"version-history":[{"count":25,"href":"https:\/\/amasuncionelche.com\/index.php?rest_route=\/wp\/v2\/pages\/10\/revisions"}],"predecessor-version":[{"id":348,"href":"https:\/\/amasuncionelche.com\/index.php?rest_route=\/wp\/v2\/pages\/10\/revisions\/348"}],"wp:attachment":[{"href":"https:\/\/amasuncionelche.com\/index.php?rest_route=%2Fwp%2Fv2%2Fmedia&parent=10"}],"curies":[{"name":"wp","href":"https:\/\/api.w.org\/{rel}","templated":true}]}}